{"id":4137,"date":"2023-12-21T14:07:33","date_gmt":"2023-12-21T14:07:33","guid":{"rendered":"https:\/\/kosovoweb.com\/iwabogdani\/?page_id=4137"},"modified":"2023-12-21T14:12:08","modified_gmt":"2023-12-21T14:12:08","slug":"board","status":"publish","type":"page","link":"https:\/\/www.iwabogdani.org\/sq\/board\/","title":{"rendered":"Board"},"content":{"rendered":"<div data-elementor-type=\"wp-page\" data-elementor-id=\"4137\" class=\"elementor elementor-4137\" data-elementor-post-type=\"page\">\n\t\t\t\t\t\t\t\t\t<section class=\"elementor-section elementor-top-section elementor-element elementor-element-78e41851 elementor-section-boxed elementor-section-height-default elementor-section-height-default\" data-id=\"78e41851\" data-element_type=\"section\">\n\t\t\t\t\t\t<div class=\"elementor-container elementor-column-gap-default\">\n\t\t\t\t\t<div class=\"elementor-column elementor-col-100 elementor-top-column elementor-element elementor-element-1fe550eb\" data-id=\"1fe550eb\" data-element_type=\"column\">\n\t\t\t<div class=\"elementor-widget-wrap elementor-element-populated\">\n\t\t\t\t\t\t\t\t<section class=\"elementor-section elementor-inner-section elementor-element elementor-element-66076a03 elementor-section-full_width elementor-section-height-default elementor-section-height-default\" data-id=\"66076a03\" data-element_type=\"section\">\n\t\t\t\t\t\t<div class=\"elementor-container elementor-column-gap-extended\">\n\t\t\t\t\t<div class=\"elementor-column elementor-col-100 elementor-inner-column elementor-element elementor-element-4741bcb2\" data-id=\"4741bcb2\" data-element_type=\"column\">\n\t\t\t<div class=\"elementor-widget-wrap elementor-element-populated\">\n\t\t\t\t\t\t\t\t<div class=\"elementor-element elementor-element-42664b4 elementor-widget elementor-widget-heading\" data-id=\"42664b4\" data-element_type=\"widget\" data-widget_type=\"heading.default\">\n\t\t\t\t<div class=\"elementor-widget-container\">\n\t\t\t<h2 class=\"elementor-heading-title elementor-size-default\">Bord Members<\/h2>\t\t<\/div>\n\t\t\t\t<\/div>\n\t\t\t\t<div class=\"elementor-element elementor-element-7ce123fa elementor-widget-divider--view-line elementor-widget elementor-widget-divider\" data-id=\"7ce123fa\" data-element_type=\"widget\" data-widget_type=\"divider.default\">\n\t\t\t\t<div class=\"elementor-widget-container\">\n\t\t\t\t\t<div class=\"elementor-divider\">\n\t\t\t<span class=\"elementor-divider-separator\">\n\t\t\t\t\t\t<\/span>\n\t\t<\/div>\n\t\t\t\t<\/div>\n\t\t\t\t<\/div>\n\t\t\t\t<div class=\"elementor-element elementor-element-9c19d3d elementor-grid-3 elementor-grid-tablet-2 elementor-grid-mobile-1 elementor-posts--thumbnail-top elementor-card-shadow-yes elementor-posts__hover-gradient elementor-widget elementor-widget-posts\" data-id=\"9c19d3d\" data-element_type=\"widget\" data-settings=\"{&quot;cards_masonry&quot;:&quot;yes&quot;,&quot;pagination_type&quot;:&quot;numbers_and_prev_next&quot;,&quot;cards_columns&quot;:&quot;3&quot;,&quot;cards_columns_tablet&quot;:&quot;2&quot;,&quot;cards_columns_mobile&quot;:&quot;1&quot;,&quot;cards_row_gap&quot;:{&quot;unit&quot;:&quot;px&quot;,&quot;size&quot;:35,&quot;sizes&quot;:[]},&quot;cards_row_gap_tablet&quot;:{&quot;unit&quot;:&quot;px&quot;,&quot;size&quot;:&quot;&quot;,&quot;sizes&quot;:[]},&quot;cards_row_gap_mobile&quot;:{&quot;unit&quot;:&quot;px&quot;,&quot;size&quot;:&quot;&quot;,&quot;sizes&quot;:[]}}\" data-widget_type=\"posts.cards\">\n\t\t\t\t<div class=\"elementor-widget-container\">\n\t\t\t\t\t<div class=\"elementor-posts-container elementor-posts elementor-posts--skin-cards elementor-grid\">\n\t\t\t\t<article class=\"elementor-post elementor-grid-item post-5229 post type-post status-publish format-standard has-post-thumbnail hentry category-bord category-members\">\n\t\t\t<div class=\"elementor-post__card\">\n\t\t\t\t<a class=\"elementor-post__thumbnail__link\" href=\"https:\/\/www.iwabogdani.org\/sq\/dimitris-p-kraniotis-vice-president-of-iwa-bogdani\/\" ><div class=\"elementor-post__thumbnail\"><img fetchpriority=\"high\" decoding=\"async\" width=\"750\" height=\"778\" src=\"https:\/\/www.iwabogdani.org\/wp-content\/uploads\/2024\/05\/58bec396-c626-401f-8575-99527a595064.jpg\" class=\"attachment-medium_large size-medium_large wp-image-5230\" alt=\"\" srcset=\"https:\/\/www.iwabogdani.org\/wp-content\/uploads\/2024\/05\/58bec396-c626-401f-8575-99527a595064.jpg 750w, https:\/\/www.iwabogdani.org\/wp-content\/uploads\/2024\/05\/58bec396-c626-401f-8575-99527a595064-289x300.jpg 289w, https:\/\/www.iwabogdani.org\/wp-content\/uploads\/2024\/05\/58bec396-c626-401f-8575-99527a595064-12x12.jpg 12w, https:\/\/www.iwabogdani.org\/wp-content\/uploads\/2024\/05\/58bec396-c626-401f-8575-99527a595064-300x311.jpg 300w, https:\/\/www.iwabogdani.org\/wp-content\/uploads\/2024\/05\/58bec396-c626-401f-8575-99527a595064-600x622.jpg 600w\" sizes=\"(max-width: 750px) 100vw, 750px\" \/><\/div><\/a>\n\t\t\t\t<div class=\"elementor-post__badge\">BOARD<\/div>\n\t\t\t\t<div class=\"elementor-post__text\">\n\t\t\t\t<h3 class=\"elementor-post__title\">\n\t\t\t<a href=\"https:\/\/www.iwabogdani.org\/sq\/dimitris-p-kraniotis-vice-president-of-iwa-bogdani\/\" >\n\t\t\t\tDimitris P. Kraniotis Vice-President of IWA BOGDANI\t\t\t<\/a>\n\t\t<\/h3>\n\t\t\n\t\t<a class=\"elementor-post__read-more\" href=\"https:\/\/www.iwabogdani.org\/sq\/dimitris-p-kraniotis-vice-president-of-iwa-bogdani\/\" aria-label=\"Read more about Dimitris P. Kraniotis Vice-President of IWA BOGDANI\" >\n\t\t\tRead More \u00bb\t\t<\/a>\n\n\t\t\t\t<\/div>\n\t\t\t\t\t<\/div>\n\t\t<\/article>\n\t\t\t\t<article class=\"elementor-post elementor-grid-item post-390 post type-post status-publish format-standard has-post-thumbnail hentry category-bord category-members\">\n\t\t\t<div class=\"elementor-post__card\">\n\t\t\t\t<a class=\"elementor-post__thumbnail__link\" href=\"https:\/\/www.iwabogdani.org\/sq\/prof-dr-mammad-ismayil-vice-president-2\/\" ><div class=\"elementor-post__thumbnail\"><img decoding=\"async\" width=\"640\" height=\"640\" src=\"https:\/\/www.iwabogdani.org\/wp-content\/uploads\/2017\/10\/9723A7C1-AB80-4B67-823B-56D260FA2735.jpeg\" class=\"attachment-medium_large size-medium_large wp-image-3439\" alt=\"\" srcset=\"https:\/\/www.iwabogdani.org\/wp-content\/uploads\/2017\/10\/9723A7C1-AB80-4B67-823B-56D260FA2735.jpeg 640w, https:\/\/www.iwabogdani.org\/wp-content\/uploads\/2017\/10\/9723A7C1-AB80-4B67-823B-56D260FA2735-300x300.jpeg 300w, https:\/\/www.iwabogdani.org\/wp-content\/uploads\/2017\/10\/9723A7C1-AB80-4B67-823B-56D260FA2735-150x150.jpeg 150w, https:\/\/www.iwabogdani.org\/wp-content\/uploads\/2017\/10\/9723A7C1-AB80-4B67-823B-56D260FA2735-125x125.jpeg 125w, https:\/\/www.iwabogdani.org\/wp-content\/uploads\/2017\/10\/9723A7C1-AB80-4B67-823B-56D260FA2735-600x600.jpeg 600w, https:\/\/www.iwabogdani.org\/wp-content\/uploads\/2017\/10\/9723A7C1-AB80-4B67-823B-56D260FA2735-100x100.jpeg 100w\" sizes=\"(max-width: 640px) 100vw, 640px\" \/><\/div><\/a>\n\t\t\t\t<div class=\"elementor-post__badge\">BOARD<\/div>\n\t\t\t\t<div class=\"elementor-post__text\">\n\t\t\t\t<h3 class=\"elementor-post__title\">\n\t\t\t<a href=\"https:\/\/www.iwabogdani.org\/sq\/prof-dr-mammad-ismayil-vice-president-2\/\" >\n\t\t\t\tProf.Dr. Mammad Ismayil, Vice President\t\t\t<\/a>\n\t\t<\/h3>\n\t\t\n\t\t<a class=\"elementor-post__read-more\" href=\"https:\/\/www.iwabogdani.org\/sq\/prof-dr-mammad-ismayil-vice-president-2\/\" aria-label=\"Read more about Prof.Dr. Mammad Ismayil, Vice President\" >\n\t\t\tRead More \u00bb\t\t<\/a>\n\n\t\t\t\t<\/div>\n\t\t\t\t\t<\/div>\n\t\t<\/article>\n\t\t\t\t<article class=\"elementor-post elementor-grid-item post-2684 post type-post status-publish format-standard has-post-thumbnail hentry category-bord\">\n\t\t\t<div class=\"elementor-post__card\">\n\t\t\t\t<a class=\"elementor-post__thumbnail__link\" href=\"https:\/\/www.iwabogdani.org\/sq\/dr-morve-roshan-k-india-vice-president-if-iwa-bogdani\/\" ><div class=\"elementor-post__thumbnail\"><img decoding=\"async\" width=\"375\" height=\"581\" src=\"https:\/\/www.iwabogdani.org\/wp-content\/uploads\/2023\/03\/morve-roshan.jpg\" class=\"attachment-medium_large size-medium_large wp-image-4078\" alt=\"\" srcset=\"https:\/\/www.iwabogdani.org\/wp-content\/uploads\/2023\/03\/morve-roshan.jpg 375w, https:\/\/www.iwabogdani.org\/wp-content\/uploads\/2023\/03\/morve-roshan-194x300.jpg 194w, https:\/\/www.iwabogdani.org\/wp-content\/uploads\/2023\/03\/morve-roshan-300x465.jpg 300w\" sizes=\"(max-width: 375px) 100vw, 375px\" \/><\/div><\/a>\n\t\t\t\t<div class=\"elementor-post__badge\">BOARD<\/div>\n\t\t\t\t<div class=\"elementor-post__text\">\n\t\t\t\t<h3 class=\"elementor-post__title\">\n\t\t\t<a href=\"https:\/\/www.iwabogdani.org\/sq\/dr-morve-roshan-k-india-vice-president-if-iwa-bogdani\/\" >\n\t\t\t\tDr. Morve Roshan K, India. Vice President if IWA Bogdani\t\t\t<\/a>\n\t\t<\/h3>\n\t\t\n\t\t<a class=\"elementor-post__read-more\" href=\"https:\/\/www.iwabogdani.org\/sq\/dr-morve-roshan-k-india-vice-president-if-iwa-bogdani\/\" aria-label=\"Read more about Dr. Morve Roshan K, India. Vice President if IWA Bogdani\" >\n\t\t\tRead More \u00bb\t\t<\/a>\n\n\t\t\t\t<\/div>\n\t\t\t\t\t<\/div>\n\t\t<\/article>\n\t\t\t\t<article class=\"elementor-post elementor-grid-item post-3334 post type-post status-publish format-standard has-post-thumbnail hentry category-bord\">\n\t\t\t<div class=\"elementor-post__card\">\n\t\t\t\t<a class=\"elementor-post__thumbnail__link\" href=\"https:\/\/www.iwabogdani.org\/sq\/jeanette-eureka-tiburcio-aprendizaje-matematico-acelerado-vice-president\/\" ><div class=\"elementor-post__thumbnail\"><img loading=\"lazy\" decoding=\"async\" width=\"768\" height=\"1024\" src=\"https:\/\/www.iwabogdani.org\/wp-content\/uploads\/2022\/03\/275189359_918089872204025_4773037415524099_n-768x1024.jpg\" class=\"attachment-medium_large size-medium_large wp-image-3977\" alt=\"\" srcset=\"https:\/\/www.iwabogdani.org\/wp-content\/uploads\/2022\/03\/275189359_918089872204025_4773037415524099_n-768x1024.jpg 768w, https:\/\/www.iwabogdani.org\/wp-content\/uploads\/2022\/03\/275189359_918089872204025_4773037415524099_n-225x300.jpg 225w, https:\/\/www.iwabogdani.org\/wp-content\/uploads\/2022\/03\/275189359_918089872204025_4773037415524099_n-300x400.jpg 300w, https:\/\/www.iwabogdani.org\/wp-content\/uploads\/2022\/03\/275189359_918089872204025_4773037415524099_n-600x800.jpg 600w, https:\/\/www.iwabogdani.org\/wp-content\/uploads\/2022\/03\/275189359_918089872204025_4773037415524099_n.jpg 960w\" sizes=\"(max-width: 768px) 100vw, 768px\" \/><\/div><\/a>\n\t\t\t\t<div class=\"elementor-post__badge\">BOARD<\/div>\n\t\t\t\t<div class=\"elementor-post__text\">\n\t\t\t\t<h3 class=\"elementor-post__title\">\n\t\t\t<a href=\"https:\/\/www.iwabogdani.org\/sq\/jeanette-eureka-tiburcio-aprendizaje-matematico-acelerado-vice-president\/\" >\n\t\t\t\tJeanette Eureka Tiburcio (Aprendizaje Matem\u00e1tico Acelerado) Vice president\t\t\t<\/a>\n\t\t<\/h3>\n\t\t\n\t\t<a class=\"elementor-post__read-more\" href=\"https:\/\/www.iwabogdani.org\/sq\/jeanette-eureka-tiburcio-aprendizaje-matematico-acelerado-vice-president\/\" aria-label=\"Read more about Jeanette Eureka Tiburcio (Aprendizaje Matem\u00e1tico Acelerado) Vice president\" >\n\t\t\tRead More \u00bb\t\t<\/a>\n\n\t\t\t\t<\/div>\n\t\t\t\t\t<\/div>\n\t\t<\/article>\n\t\t\t\t<article class=\"elementor-post elementor-grid-item post-3193 post type-post status-publish format-standard has-post-thumbnail hentry category-bordi category-presidenti\">\n\t\t\t<div class=\"elementor-post__card\">\n\t\t\t\t<div class=\"elementor-post__text\">\n\t\t\t\t<h3 class=\"elementor-post__title\">\n\t\t\t<a href=\"https:\/\/www.iwabogdani.org\/sq\/%d0%bf%d1%80%d0%be%d1%84-%d0%b4%d1%80-%d1%98%d0%b5%d1%82%d0%be%d0%bd-%d0%ba%d0%b5%d1%99%d0%bc%d0%b5%d0%bd%d0%b4%d0%b8-bio-sr\/\" >\n\t\t\t\tSr \u041f\u0440\u043e\u0444. \u0434\u0440 \u0408\u0435\u0442\u043e\u043d \u041a\u0435\u0459\u043c\u0435\u043d\u0434\u0438\t\t\t<\/a>\n\t\t<\/h3>\n\t\t\n\t\t<a class=\"elementor-post__read-more\" href=\"https:\/\/www.iwabogdani.org\/sq\/%d0%bf%d1%80%d0%be%d1%84-%d0%b4%d1%80-%d1%98%d0%b5%d1%82%d0%be%d0%bd-%d0%ba%d0%b5%d1%99%d0%bc%d0%b5%d0%bd%d0%b4%d0%b8-bio-sr\/\" aria-label=\"Read more about Sr \u041f\u0440\u043e\u0444. \u0434\u0440 \u0408\u0435\u0442\u043e\u043d \u041a\u0435\u0459\u043c\u0435\u043d\u0434\u0438\" >\n\t\t\tRead More \u00bb\t\t<\/a>\n\n\t\t\t\t<\/div>\n\t\t\t\t\t<\/div>\n\t\t<\/article>\n\t\t\t\t<article class=\"elementor-post elementor-grid-item post-1416 post type-post status-publish format-standard has-post-thumbnail hentry category-bord\">\n\t\t\t<div class=\"elementor-post__card\">\n\t\t\t\t<a class=\"elementor-post__thumbnail__link\" href=\"https:\/\/www.iwabogdani.org\/sq\/maria-miraglia-italy-voice-president-of-iwa-bogdani\/\" ><div class=\"elementor-post__thumbnail\"><img loading=\"lazy\" decoding=\"async\" width=\"425\" height=\"425\" src=\"https:\/\/www.iwabogdani.org\/wp-content\/uploads\/2019\/09\/maria-miraglia.jpg\" class=\"attachment-medium_large size-medium_large wp-image-3708\" alt=\"\" srcset=\"https:\/\/www.iwabogdani.org\/wp-content\/uploads\/2019\/09\/maria-miraglia.jpg 425w, https:\/\/www.iwabogdani.org\/wp-content\/uploads\/2019\/09\/maria-miraglia-300x300.jpg 300w, https:\/\/www.iwabogdani.org\/wp-content\/uploads\/2019\/09\/maria-miraglia-150x150.jpg 150w, https:\/\/www.iwabogdani.org\/wp-content\/uploads\/2019\/09\/maria-miraglia-125x125.jpg 125w, https:\/\/www.iwabogdani.org\/wp-content\/uploads\/2019\/09\/maria-miraglia-100x100.jpg 100w\" sizes=\"(max-width: 425px) 100vw, 425px\" \/><\/div><\/a>\n\t\t\t\t<div class=\"elementor-post__badge\">BOARD<\/div>\n\t\t\t\t<div class=\"elementor-post__text\">\n\t\t\t\t<h3 class=\"elementor-post__title\">\n\t\t\t<a href=\"https:\/\/www.iwabogdani.org\/sq\/maria-miraglia-italy-voice-president-of-iwa-bogdani\/\" >\n\t\t\t\tMaria Miraglia, Italy  Vice President of IWA Bogdani\t\t\t<\/a>\n\t\t<\/h3>\n\t\t\n\t\t<a class=\"elementor-post__read-more\" href=\"https:\/\/www.iwabogdani.org\/sq\/maria-miraglia-italy-voice-president-of-iwa-bogdani\/\" aria-label=\"Read more about Maria Miraglia, Italy  Vice President of IWA Bogdani\" >\n\t\t\tRead More \u00bb\t\t<\/a>\n\n\t\t\t\t<\/div>\n\t\t\t\t\t<\/div>\n\t\t<\/article>\n\t\t\t\t<article class=\"elementor-post elementor-grid-item post-3126 post type-post status-publish format-standard has-post-thumbnail hentry category-bord\">\n\t\t\t<div class=\"elementor-post__card\">\n\t\t\t\t<a class=\"elementor-post__thumbnail__link\" href=\"https:\/\/www.iwabogdani.org\/sq\/ricardo-rubio-argentina\/\" ><div class=\"elementor-post__thumbnail\"><img loading=\"lazy\" decoding=\"async\" width=\"293\" height=\"334\" src=\"https:\/\/www.iwabogdani.org\/wp-content\/uploads\/2019\/06\/5B197C09-F552-4E27-8DF4-82E5D1726379.jpeg\" class=\"attachment-medium_large size-medium_large wp-image-3665\" alt=\"\" srcset=\"https:\/\/www.iwabogdani.org\/wp-content\/uploads\/2019\/06\/5B197C09-F552-4E27-8DF4-82E5D1726379.jpeg 293w, https:\/\/www.iwabogdani.org\/wp-content\/uploads\/2019\/06\/5B197C09-F552-4E27-8DF4-82E5D1726379-263x300.jpeg 263w\" sizes=\"(max-width: 293px) 100vw, 293px\" \/><\/div><\/a>\n\t\t\t\t<div class=\"elementor-post__badge\">BOARD<\/div>\n\t\t\t\t<div class=\"elementor-post__text\">\n\t\t\t\t<h3 class=\"elementor-post__title\">\n\t\t\t<a href=\"https:\/\/www.iwabogdani.org\/sq\/ricardo-rubio-argentina\/\" >\n\t\t\t\tRicardo Rubio, Argentina\t\t\t<\/a>\n\t\t<\/h3>\n\t\t\n\t\t<a class=\"elementor-post__read-more\" href=\"https:\/\/www.iwabogdani.org\/sq\/ricardo-rubio-argentina\/\" aria-label=\"Read more about Ricardo Rubio, Argentina\" >\n\t\t\tRead More \u00bb\t\t<\/a>\n\n\t\t\t\t<\/div>\n\t\t\t\t\t<\/div>\n\t\t<\/article>\n\t\t\t\t<article class=\"elementor-post elementor-grid-item post-3066 post type-post status-publish format-standard has-post-thumbnail hentry category-bord category-members\">\n\t\t\t<div class=\"elementor-post__card\">\n\t\t\t\t<a class=\"elementor-post__thumbnail__link\" href=\"https:\/\/www.iwabogdani.org\/sq\/mihai-firica-romania\/\" ><div class=\"elementor-post__thumbnail\"><img loading=\"lazy\" decoding=\"async\" width=\"768\" height=\"1047\" src=\"https:\/\/www.iwabogdani.org\/wp-content\/uploads\/2018\/10\/02BD7412-85AA-49D2-91F6-06C7BAFC5D77-768x1047.jpeg\" class=\"attachment-medium_large size-medium_large wp-image-3588\" alt=\"\" srcset=\"https:\/\/www.iwabogdani.org\/wp-content\/uploads\/2018\/10\/02BD7412-85AA-49D2-91F6-06C7BAFC5D77-768x1047.jpeg 768w, https:\/\/www.iwabogdani.org\/wp-content\/uploads\/2018\/10\/02BD7412-85AA-49D2-91F6-06C7BAFC5D77-220x300.jpeg 220w, https:\/\/www.iwabogdani.org\/wp-content\/uploads\/2018\/10\/02BD7412-85AA-49D2-91F6-06C7BAFC5D77-751x1024.jpeg 751w, https:\/\/www.iwabogdani.org\/wp-content\/uploads\/2018\/10\/02BD7412-85AA-49D2-91F6-06C7BAFC5D77-300x409.jpeg 300w, https:\/\/www.iwabogdani.org\/wp-content\/uploads\/2018\/10\/02BD7412-85AA-49D2-91F6-06C7BAFC5D77-600x818.jpeg 600w, https:\/\/www.iwabogdani.org\/wp-content\/uploads\/2018\/10\/02BD7412-85AA-49D2-91F6-06C7BAFC5D77.jpeg 1080w\" sizes=\"(max-width: 768px) 100vw, 768px\" \/><\/div><\/a>\n\t\t\t\t<div class=\"elementor-post__badge\">BOARD<\/div>\n\t\t\t\t<div class=\"elementor-post__text\">\n\t\t\t\t<h3 class=\"elementor-post__title\">\n\t\t\t<a href=\"https:\/\/www.iwabogdani.org\/sq\/mihai-firica-romania\/\" >\n\t\t\t\tMihai Firica, Romania\t\t\t<\/a>\n\t\t<\/h3>\n\t\t\n\t\t<a class=\"elementor-post__read-more\" href=\"https:\/\/www.iwabogdani.org\/sq\/mihai-firica-romania\/\" aria-label=\"Read more about Mihai Firica, Romania\" >\n\t\t\tRead More \u00bb\t\t<\/a>\n\n\t\t\t\t<\/div>\n\t\t\t\t\t<\/div>\n\t\t<\/article>\n\t\t\t\t<article class=\"elementor-post elementor-grid-item post-3052 post type-post status-publish format-standard has-post-thumbnail hentry category-bord category-members\">\n\t\t\t<div class=\"elementor-post__card\">\n\t\t\t\t<a class=\"elementor-post__thumbnail__link\" href=\"https:\/\/www.iwabogdani.org\/sq\/dr-brajesh-kumar-gupta-india\/\" ><div class=\"elementor-post__thumbnail\"><img loading=\"lazy\" decoding=\"async\" width=\"658\" height=\"823\" src=\"https:\/\/www.iwabogdani.org\/wp-content\/uploads\/2018\/04\/406C4860-CEC6-460E-97D3-949AA88FAD24.jpeg\" class=\"attachment-medium_large size-medium_large wp-image-3570\" alt=\"\" srcset=\"https:\/\/www.iwabogdani.org\/wp-content\/uploads\/2018\/04\/406C4860-CEC6-460E-97D3-949AA88FAD24.jpeg 658w, https:\/\/www.iwabogdani.org\/wp-content\/uploads\/2018\/04\/406C4860-CEC6-460E-97D3-949AA88FAD24-240x300.jpeg 240w, https:\/\/www.iwabogdani.org\/wp-content\/uploads\/2018\/04\/406C4860-CEC6-460E-97D3-949AA88FAD24-300x375.jpeg 300w, https:\/\/www.iwabogdani.org\/wp-content\/uploads\/2018\/04\/406C4860-CEC6-460E-97D3-949AA88FAD24-600x750.jpeg 600w\" sizes=\"(max-width: 658px) 100vw, 658px\" \/><\/div><\/a>\n\t\t\t\t<div class=\"elementor-post__badge\">BOARD<\/div>\n\t\t\t\t<div class=\"elementor-post__text\">\n\t\t\t\t<h3 class=\"elementor-post__title\">\n\t\t\t<a href=\"https:\/\/www.iwabogdani.org\/sq\/dr-brajesh-kumar-gupta-india\/\" >\n\t\t\t\tDr. Brajesh Kumar Gupta, India\t\t\t<\/a>\n\t\t<\/h3>\n\t\t\n\t\t<a class=\"elementor-post__read-more\" href=\"https:\/\/www.iwabogdani.org\/sq\/dr-brajesh-kumar-gupta-india\/\" aria-label=\"Read more about Dr. Brajesh Kumar Gupta, India\" >\n\t\t\tRead More \u00bb\t\t<\/a>\n\n\t\t\t\t<\/div>\n\t\t\t\t\t<\/div>\n\t\t<\/article>\n\t\t\t\t<article class=\"elementor-post elementor-grid-item post-3048 post type-post status-publish format-standard has-post-thumbnail hentry category-bord\">\n\t\t\t<div class=\"elementor-post__card\">\n\t\t\t\t<a class=\"elementor-post__thumbnail__link\" href=\"https:\/\/www.iwabogdani.org\/sq\/milutin-durickovic-serbia\/\" ><div class=\"elementor-post__thumbnail\"><img loading=\"lazy\" decoding=\"async\" width=\"506\" height=\"692\" src=\"https:\/\/www.iwabogdani.org\/wp-content\/uploads\/2018\/03\/CAB4C5E0-8D5D-4E40-AE3B-BBA0B18DB735.jpeg\" class=\"attachment-medium_large size-medium_large wp-image-3562\" alt=\"\" srcset=\"https:\/\/www.iwabogdani.org\/wp-content\/uploads\/2018\/03\/CAB4C5E0-8D5D-4E40-AE3B-BBA0B18DB735.jpeg 506w, https:\/\/www.iwabogdani.org\/wp-content\/uploads\/2018\/03\/CAB4C5E0-8D5D-4E40-AE3B-BBA0B18DB735-219x300.jpeg 219w, https:\/\/www.iwabogdani.org\/wp-content\/uploads\/2018\/03\/CAB4C5E0-8D5D-4E40-AE3B-BBA0B18DB735-300x410.jpeg 300w\" sizes=\"(max-width: 506px) 100vw, 506px\" \/><\/div><\/a>\n\t\t\t\t<div class=\"elementor-post__badge\">BOARD<\/div>\n\t\t\t\t<div class=\"elementor-post__text\">\n\t\t\t\t<h3 class=\"elementor-post__title\">\n\t\t\t<a href=\"https:\/\/www.iwabogdani.org\/sq\/milutin-durickovic-serbia\/\" >\n\t\t\t\tMilutin \u0110uri\u010dkovi\u0107, Serbia\t\t\t<\/a>\n\t\t<\/h3>\n\t\t\n\t\t<a class=\"elementor-post__read-more\" href=\"https:\/\/www.iwabogdani.org\/sq\/milutin-durickovic-serbia\/\" aria-label=\"Read more about Milutin \u0110uri\u010dkovi\u0107, Serbia\" >\n\t\t\tRead More \u00bb\t\t<\/a>\n\n\t\t\t\t<\/div>\n\t\t\t\t\t<\/div>\n\t\t<\/article>\n\t\t\t\t<article class=\"elementor-post elementor-grid-item post-819 post type-post status-publish format-standard has-post-thumbnail hentry category-article category-bord\">\n\t\t\t<div class=\"elementor-post__card\">\n\t\t\t\t<a class=\"elementor-post__thumbnail__link\" href=\"https:\/\/www.iwabogdani.org\/sq\/robert-simonisek-slovenia\/\" ><div class=\"elementor-post__thumbnail\"><img loading=\"lazy\" decoding=\"async\" width=\"768\" height=\"555\" src=\"https:\/\/www.iwabogdani.org\/wp-content\/uploads\/2018\/03\/71715392-A4A6-4A69-9D0F-EB48C245E7FB-768x555.jpeg\" class=\"attachment-medium_large size-medium_large wp-image-3554\" alt=\"\" srcset=\"https:\/\/www.iwabogdani.org\/wp-content\/uploads\/2018\/03\/71715392-A4A6-4A69-9D0F-EB48C245E7FB-768x555.jpeg 768w, https:\/\/www.iwabogdani.org\/wp-content\/uploads\/2018\/03\/71715392-A4A6-4A69-9D0F-EB48C245E7FB-300x217.jpeg 300w, https:\/\/www.iwabogdani.org\/wp-content\/uploads\/2018\/03\/71715392-A4A6-4A69-9D0F-EB48C245E7FB-1024x739.jpeg 1024w, https:\/\/www.iwabogdani.org\/wp-content\/uploads\/2018\/03\/71715392-A4A6-4A69-9D0F-EB48C245E7FB-1536x1109.jpeg 1536w, https:\/\/www.iwabogdani.org\/wp-content\/uploads\/2018\/03\/71715392-A4A6-4A69-9D0F-EB48C245E7FB-2048x1479.jpeg 2048w, https:\/\/www.iwabogdani.org\/wp-content\/uploads\/2018\/03\/71715392-A4A6-4A69-9D0F-EB48C245E7FB-600x433.jpeg 600w\" sizes=\"(max-width: 768px) 100vw, 768px\" \/><\/div><\/a>\n\t\t\t\t<div class=\"elementor-post__badge\">ARTICLE<\/div>\n\t\t\t\t<div class=\"elementor-post__text\">\n\t\t\t\t<h3 class=\"elementor-post__title\">\n\t\t\t<a href=\"https:\/\/www.iwabogdani.org\/sq\/robert-simonisek-slovenia\/\" >\n\t\t\t\tRobert Simoni\u0161ek, Slovenia\t\t\t<\/a>\n\t\t<\/h3>\n\t\t\n\t\t<a class=\"elementor-post__read-more\" href=\"https:\/\/www.iwabogdani.org\/sq\/robert-simonisek-slovenia\/\" aria-label=\"Read more about Robert Simoni\u0161ek, Slovenia\" >\n\t\t\tRead More \u00bb\t\t<\/a>\n\n\t\t\t\t<\/div>\n\t\t\t\t\t<\/div>\n\t\t<\/article>\n\t\t\t\t<article class=\"elementor-post elementor-grid-item post-740 post type-post status-publish format-standard has-post-thumbnail hentry category-anetaret category-artikuj category-bordi\">\n\t\t\t<div class=\"elementor-post__card\">\n\t\t\t\t<div class=\"elementor-post__text\">\n\t\t\t\t<h3 class=\"elementor-post__title\">\n\t\t\t<a href=\"https:\/\/www.iwabogdani.org\/sq\/lee-kuei-shien-taivan\/\" >\n\t\t\t\tLee Kuei-shien, Taivan\t\t\t<\/a>\n\t\t<\/h3>\n\t\t\n\t\t<a class=\"elementor-post__read-more\" href=\"https:\/\/www.iwabogdani.org\/sq\/lee-kuei-shien-taivan\/\" aria-label=\"Read more about Lee Kuei-shien, Taivan\" >\n\t\t\tRead More \u00bb\t\t<\/a>\n\n\t\t\t\t<\/div>\n\t\t\t\t\t<\/div>\n\t\t<\/article>\n\t\t\t\t<\/div>\n\t\t\n\t\t\t\t<div class=\"e-load-more-anchor\" data-page=\"1\" data-max-page=\"3\" data-next-page=\"https:\/\/www.iwabogdani.org\/sq\/wp-json\/wp\/v2\/pages\/4137\/page\/2\/\"><\/div>\n\t\t\t\t<nav class=\"elementor-pagination\" aria-label=\"Pagination\">\n\t\t\t<span class=\"page-numbers prev\">&laquo; Previous<\/span>\r\n<span aria-current=\"page\" class=\"page-numbers current\"><span class=\"elementor-screen-only\">Page<\/span>1<\/span>\r\n<a class=\"page-numbers\" href=\"https:\/\/www.iwabogdani.org\/sq\/wp-json\/wp\/v2\/pages\/4137\/page\/2\/\"><span class=\"elementor-screen-only\">Page<\/span>2<\/a>\r\n<a class=\"page-numbers\" href=\"https:\/\/www.iwabogdani.org\/sq\/wp-json\/wp\/v2\/pages\/4137\/page\/3\/\"><span class=\"elementor-screen-only\">Page<\/span>3<\/a>\r\n<a class=\"page-numbers next\" href=\"https:\/\/www.iwabogdani.org\/sq\/wp-json\/wp\/v2\/pages\/4137\/page\/2\/\">Next &raquo;<\/a>\t\t<\/nav>\n\t\t\t\t<\/div>\n\t\t\t\t<\/div>\n\t\t\t\t<div class=\"elementor-element elementor-element-78a00500 elementor-widget elementor-widget-spacer\" data-id=\"78a00500\" data-element_type=\"widget\" data-widget_type=\"spacer.default\">\n\t\t\t\t<div class=\"elementor-widget-container\">\n\t\t\t\t\t<div class=\"elementor-spacer\">\n\t\t\t<div class=\"elementor-spacer-inner\"><\/div>\n\t\t<\/div>\n\t\t\t\t<\/div>\n\t\t\t\t<\/div>\n\t\t\t\t\t<\/div>\n\t\t<\/div>\n\t\t\t\t\t\t\t<\/div>\n\t\t<\/section>\n\t\t\t\t\t<\/div>\n\t\t<\/div>\n\t\t\t\t\t\t\t<\/div>\n\t\t<\/section>\n\t\t\t\t\t\t\t<\/div>","protected":false},"excerpt":{"rendered":"<p>Bord Members<\/p>","protected":false},"author":4,"featured_media":0,"parent":0,"menu_order":0,"comment_status":"closed","ping_status":"closed","template":"","meta":{"_exactmetrics_skip_tracking":false,"_exactmetrics_sitenote_active":false,"_exactmetrics_sitenote_note":"","_exactmetrics_sitenote_category":0,"footnotes":""},"acf":[],"_links":{"self":[{"href":"https:\/\/www.iwabogdani.org\/sq\/wp-json\/wp\/v2\/pages\/4137"}],"collection":[{"href":"https:\/\/www.iwabogdani.org\/sq\/wp-json\/wp\/v2\/pages"}],"about":[{"href":"https:\/\/www.iwabogdani.org\/sq\/wp-json\/wp\/v2\/types\/page"}],"author":[{"embeddable":true,"href":"https:\/\/www.iwabogdani.org\/sq\/wp-json\/wp\/v2\/users\/4"}],"replies":[{"embeddable":true,"href":"https:\/\/www.iwabogdani.org\/sq\/wp-json\/wp\/v2\/comments?post=4137"}],"version-history":[{"count":4,"href":"https:\/\/www.iwabogdani.org\/sq\/wp-json\/wp\/v2\/pages\/4137\/revisions"}],"predecessor-version":[{"id":4144,"href":"https:\/\/www.iwabogdani.org\/sq\/wp-json\/wp\/v2\/pages\/4137\/revisions\/4144"}],"wp:attachment":[{"href":"https:\/\/www.iwabogdani.org\/sq\/wp-json\/wp\/v2\/media?parent=4137"}],"curies":[{"name":"wp","href":"https:\/\/api.w.org\/{rel}","templated":true}]}}