{"id":2828,"date":"2023-12-18T16:25:30","date_gmt":"2023-12-18T16:25:30","guid":{"rendered":"https:\/\/kosovoweb.com\/iwabogdani\/?post_type=product&#038;p=2828"},"modified":"2023-12-30T09:55:31","modified_gmt":"2023-12-30T09:55:31","slug":"mjegullat-e-koherave","status":"publish","type":"product","link":"https:\/\/www.iwabogdani.org\/sq\/produkt\/mjegullat-e-koherave\/","title":{"rendered":"MJEGULLAT E KOH\u00cbRAVE"},"content":{"rendered":"<p>Poeti dhe prozatori Muharrem Kurti, me nervin e tij tregimtar plot sharm, me rrjedh\u00ebn e narrativ\u00ebs impulsante, vjen s\u00ebrish me nj\u00eb v\u00ebllim me tregime, t\u00eb cilat, p\u00ebr nga subjektet dhe personazhet e mbi t\u00eb gjitha, p\u00ebr nga shqet\u00ebsime e problematika, p\u00ebrb\u00ebn nj\u00eb ngjitje n\u00eb krijimtarin\u00eb e tij, si dhe nj\u00eb arritje e shprehje t\u00eb k\u00ebmb\u00ebnguljes artistike p\u00ebr ta p\u00ebrsosur m\u00ebnyr\u00ebn e rr\u00ebfimit. Pas disa romaneve t\u00eb suksesshme me tem\u00eb Kosov\u00ebn e luft\u00ebs dhe t\u00eb paqes, autori \u00ebsht\u00eb edhe po n\u00eb k\u00ebt\u00eb lib\u00ebr, n\u00eb k\u00ebt\u00eb vijim\u00ebsi shqet\u00ebsimesh e trajtesash plot sharm. N\u00eb proz\u00ebn e tij mund t\u00eb lexosh fatin historik t\u00eb nj\u00eb populli t\u00eb martirizuar, t\u00eb individit q\u00eb ndodhet n\u00eb mors\u00ebn e rrethanave ngushtuese deri n\u00eb zgrip ekzistencial. Ka gjithmon\u00eb nj\u00eb zymti e cila \u00ebsht\u00eb zymti e koh\u00ebs, dalin n\u00eb pah mjaft dilema dhe k\u00ebmb\u00ebngulje, p\u00ebrvijohet koha dramatike pasqyruar me nj\u00eb realiz\u00ebm t\u00eb thekur. Nga Qazim Shehu.<\/p>","protected":false},"excerpt":{"rendered":"<p>Muharrem Kurti, autor i njohur p\u00ebr ndjekurin e nervit tregimtar dhe rrjedh\u00ebn e narrativ\u00ebs s\u00eb tij, sjell nj\u00eb v\u00ebllim t\u00eb ri me tregime q\u00eb tejkalon shfaqjen e zakonshme t\u00eb subjekteve dhe personazheve. Pas suksesit t\u00eb roman\u00ebve t\u00eb tij mbi Kosov\u00ebn n\u00eb periudh\u00ebn e luft\u00ebs dhe pasluft\u00ebs, Kurti vazhdon t\u00eb eksploroj\u00eb sfidat dhe problematikat e shoq\u00ebris\u00eb n\u00eb k\u00ebt\u00eb vep\u00ebr t\u00eb re. Me nj\u00eb mjesht\u00ebri t\u00eb ve\u00e7ant\u00eb, ai paraqet historin\u00eb e nj\u00eb populli t\u00eb martirizuar dhe individ\u00ebve q\u00eb ballafaqohen me rrethanat e v\u00ebshtira deri n\u00eb pik\u00ebn e zgripit ekzistencial.<\/p>\n<p>Libri shquhet p\u00ebr realizmin e theksuar dhe p\u00ebrjetimin e thell\u00eb t\u00eb dilemave dhe k\u00ebmb\u00ebnguljeve t\u00eb personazheve. P\u00ebrmes fjal\u00ebs s\u00eb detajuar dhe pasionit t\u00eb autorit, lexuesi merr nj\u00eb udh\u00ebtim emocional n\u00eb bot\u00ebn e ngjarjeve dhe shqet\u00ebsimeve t\u00eb jet\u00ebs njer\u00ebzore. N\u00ebse jeni t\u00eb interesuar p\u00ebr nj\u00eb lexim q\u00eb kap\u00ebrcej\u00eb sip\u00ebrfaqen dhe shpalos thell\u00ebsin\u00eb e eksperiencave njer\u00ebzore, ky v\u00ebllim i Kurtit \u00ebsht\u00eb nj\u00eb zgjedhje e shk\u00eblqyer p\u00ebr ju.<\/p>","protected":false},"featured_media":2829,"comment_status":"open","ping_status":"closed","template":"","meta":{"_exactmetrics_skip_tracking":false,"_exactmetrics_sitenote_active":false,"_exactmetrics_sitenote_note":"","_exactmetrics_sitenote_category":0},"product_cat":[57],"product_tag":[117,133],"book_author":[156],"book_publisher":[],"acf":[],"_links":{"self":[{"href":"https:\/\/www.iwabogdani.org\/sq\/wp-json\/wp\/v2\/product\/2828"}],"collection":[{"href":"https:\/\/www.iwabogdani.org\/sq\/wp-json\/wp\/v2\/product"}],"about":[{"href":"https:\/\/www.iwabogdani.org\/sq\/wp-json\/wp\/v2\/types\/product"}],"replies":[{"embeddable":true,"href":"https:\/\/www.iwabogdani.org\/sq\/wp-json\/wp\/v2\/comments?post=2828"}],"version-history":[{"count":6,"href":"https:\/\/www.iwabogdani.org\/sq\/wp-json\/wp\/v2\/product\/2828\/revisions"}],"predecessor-version":[{"id":4302,"href":"https:\/\/www.iwabogdani.org\/sq\/wp-json\/wp\/v2\/product\/2828\/revisions\/4302"}],"wp:featuredmedia":[{"embeddable":true,"href":"https:\/\/www.iwabogdani.org\/sq\/wp-json\/wp\/v2\/media\/2829"}],"wp:attachment":[{"href":"https:\/\/www.iwabogdani.org\/sq\/wp-json\/wp\/v2\/media?parent=2828"}],"wp:term":[{"taxonomy":"product_cat","embeddable":true,"href":"https:\/\/www.iwabogdani.org\/sq\/wp-json\/wp\/v2\/product_cat?post=2828"},{"taxonomy":"product_tag","embeddable":true,"href":"https:\/\/www.iwabogdani.org\/sq\/wp-json\/wp\/v2\/product_tag?post=2828"},{"taxonomy":"book_author","embeddable":true,"href":"https:\/\/www.iwabogdani.org\/sq\/wp-json\/wp\/v2\/book_author?post=2828"},{"taxonomy":"book_publisher","embeddable":true,"href":"https:\/\/www.iwabogdani.org\/sq\/wp-json\/wp\/v2\/book_publisher?post=2828"}],"curies":[{"name":"wp","href":"https:\/\/api.w.org\/{rel}","templated":true}]}}