{"id":4320,"date":"2023-12-26T23:43:10","date_gmt":"2023-12-26T23:43:10","guid":{"rendered":"https:\/\/kosovoweb.com\/iwabogdani\/?post_type=product&#038;p=4320"},"modified":"2024-01-03T13:00:13","modified_gmt":"2024-01-03T13:00:13","slug":"fara-e-shpirtit-zbulesa-dhe-vizatimet","status":"publish","type":"product","link":"https:\/\/www.iwabogdani.org\/sq\/produkt\/fara-e-shpirtit-zbulesa-dhe-vizatimet\/","title":{"rendered":"&#8220;FARA E SHPIRTIT&#8221; ZBULESA DHE VIZATIMET"},"content":{"rendered":"<p>Carolyn Mary Kleefeld With Soul Seeds Enables Readers<br \/>\nTo Discover The Depth In Life\u2019s Simple Moments<br \/>\nby Acad. Prof. Jeton Kelmendi, PhD<\/p>\n<p>Soul Seeds by Carolyn Mary Kleefeld is a book of philosophical and life<br \/>\naphorisms. The book contains 24 chapters dealing with topics related<br \/>\nto human life. What makes this book special is the approach of human<br \/>\nphilosophy that the author exercises in a pragmatic and convincing way.<br \/>\nAt a time when extremism is putting human life at risk, Carolyn Mary<br \/>\nKleefeld offers great hope, especially for her readers. The book also<br \/>\ncontains interesting drawings that complement its aphorisms. The<br \/>\ntranslation of this book into the Albanian language brings satisfaction,<br \/>\nsince the Albanian reader becomes richer after reading this excellent<br \/>\npublication.<br \/>\nSoul Seeds is very clear in its content and theme. It is a deep and exciting<br \/>\njourney into the world of feelings, philosophical reflections, and life<br \/>\nvalues through poetic aphorisms.<br \/>\nIf we seek to immerse ourselves in this book, we will find writing<br \/>\nand drawings inspired by human experience, as well as thematic and<br \/>\ntextual discoveries. This collection of aphorisms will surely evoke our<br \/>\nattention, considering that our ordinary life is full of challenges, joys,<br \/>\nsorrows, endurance, and peace, which we often underestimate.<br \/>\nCarolyn Mary Kleefeld enables the reader to discover the depth of life\u2019s<br \/>\nsimple moments, approaching us philosophically and pragmatically.<br \/>\nThrough her words, she invites us to reflect and look more broadly into<br \/>\nthe depth of our emotions, urging us towards the enlightenment of<br \/>\nthe most hidden parts of ourselves. These poetic aphorisms are like a<br \/>\ndemonstrative terrain in motion, eliciting inner peace and meaning to<br \/>\nour troubled lives.<br \/>\nAnother element that makes this book special is the complementary<br \/>\ndrawings. These are very interesting relating to the themes that the<br \/>\nauthor uses in this book. They show the artistic ability of the author and<\/p>\n<p>Carolyn Mary Kleefeld Me \u201cFara E Shpirtit\u201d I Mund\u00ebson<br \/>\nLexuesit T\u00eb Zbuloj\u00eb Thell\u00ebsin\u00eb E Momenteve T\u00eb<br \/>\nThjeshta T\u00eb Jet\u00ebs<br \/>\nNga Acad. Prof. Jeton Kelmendi, PhD<\/p>\n<p>Soul Seeds nga Carolyn Mary Kleefeld \u00ebsht\u00eb nj\u00eb lib\u00ebr me aforizma<br \/>\nfilozofike dhe jet\u00ebsore. Libri p\u00ebrmban 24 kapituj q\u00eb trajtojn\u00eb tema q\u00eb<br \/>\nlidhen me jet\u00ebn e njeriut. Ajo q\u00eb e b\u00ebn t\u00eb ve\u00e7ant\u00eb k\u00ebt\u00eb lib\u00ebr \u00ebsht\u00eb qasja<br \/>\ne filozofis\u00eb njer\u00ebzore q\u00eb autorja e ushtron n\u00eb m\u00ebnyr\u00eb pragmatike dhe<br \/>\nbind\u00ebse.<br \/>\nN\u00eb nj\u00eb koh\u00eb kur ekstremizmi po rrezikon jet\u00ebn njer\u00ebzore, Carolyn<br \/>\nMary Kleefeld ofron shpresa t\u00eb m\u00ebdha, ve\u00e7an\u00ebrisht p\u00ebr lexuesit e saj.<br \/>\nLibri p\u00ebrmban edhe vizatime interesante q\u00eb plot\u00ebsojn\u00eb aforizmat e<br \/>\ntij. P\u00ebrkthimi i k\u00ebtij libri n\u00eb gjuh\u00ebn shqipe sjell k\u00ebnaq\u00ebsi, pasi lexuesi<br \/>\nshqiptar b\u00ebhet m\u00eb i pasur pasi lexon k\u00ebt\u00eb botim t\u00eb shk\u00eblqyer.<br \/>\nSoul Seeds \u00ebsht\u00eb shum\u00eb e qart\u00eb n\u00eb p\u00ebrmbajtjen dhe tem\u00ebn e vet. \u00cbsht\u00eb<br \/>\nnj\u00eb udh\u00ebtim i thell\u00eb dhe emocionues n\u00eb bot\u00ebn e ndjenjave, reflektimeve<br \/>\nfilozofike dhe vlerave jet\u00ebsore p\u00ebrmes aforizmave poetike.<br \/>\nN\u00ebse k\u00ebrkojm\u00eb t\u00eb zhytemi n\u00eb k\u00ebt\u00eb lib\u00ebr, do t\u00eb gjejm\u00eb shkrime dhe<br \/>\nvizatime t\u00eb frym\u00ebzuara nga p\u00ebrvoja njer\u00ebzore, si dhe zbulime tematike<br \/>\ndhe tekstuale. Kjo p\u00ebrmbledhje aforizmash me siguri do t\u00eb zgjoj\u00eb<br \/>\nv\u00ebmendjen ton\u00eb, duke pasur parasysh se jeta jon\u00eb e zakonshme \u00ebsht\u00eb e<br \/>\nmbushur me sfida, g\u00ebzime, pik\u00ebllime, q\u00ebndrueshm\u00ebri dhe paqe, t\u00eb cilat<br \/>\nshpesh ne i n\u00ebnvler\u00ebsojm\u00eb.<br \/>\nCarolyn Mary Kleefeld i mund\u00ebson lexuesit t\u00eb zbuloj\u00eb thell\u00ebsin\u00eb e<br \/>\nmomenteve t\u00eb thjeshta t\u00eb jet\u00ebs, duke na afruar n\u00eb m\u00ebnyr\u00eb filozofike<br \/>\ndhe pragmatike. P\u00ebrmes fjal\u00ebve t\u00eb saj, ajo na fton t\u00eb reflektojm\u00eb dhe t\u00eb<br \/>\nshikojm\u00eb m\u00eb gjer\u00ebsisht n\u00eb thell\u00ebsin\u00eb e emocioneve tona, duke na nxitur<br \/>\ndrejt ndri\u00e7imit t\u00eb pjes\u00ebve m\u00eb t\u00eb fshehura t\u00eb vetes son\u00eb. K\u00ebto aforizma<br \/>\npoetike jan\u00eb si nj\u00eb terren demonstrues n\u00eb l\u00ebvizje, duke nxjerr\u00eb paqen e<br \/>\nbrendshme dhe kuptimin e jet\u00ebs son\u00eb t\u00eb mjer\u00eb.<br \/>\nNj\u00eb element tjet\u00ebr q\u00eb e b\u00ebn t\u00eb ve\u00e7ant\u00eb k\u00ebt\u00eb lib\u00ebr jan\u00eb vizatimet<br \/>\nplot\u00ebsuese. K\u00ebto jan\u00eb shum\u00eb interesante n\u00eb lidhje me temat q\u00eb autorja<br \/>\nadd a special dimension to the content of the aphorisms. As readers,<br \/>\nthey give us a new visual perspective and help us better understand the<br \/>\nemotions and philosophy that the author describes through her words<br \/>\nthat are as poetic as they are philosophical.<br \/>\nIn current times, where extremism and the inability to connect with<br \/>\nourselves and others are endangering human life, Carolyn Mary Kleefeld<br \/>\noffers great possibility. Hopefully, this starts from getting to know<br \/>\nourselves, to knowing the reality and the times we live in. With their<br \/>\ncore of deep and sensitive thoughts, her aphorisms help us understand<br \/>\nthat even in the midst of various difficulties, there is enlightenment<br \/>\nand opportunity for personal growth. It makes us understand that life<br \/>\nis not always clear and fair, but it is our shared journey, which is worth<br \/>\nexploring and appreciating at each significant stage.<br \/>\nFrom the experiences and reflections in this collection of aphorisms,<br \/>\nwe, as Albanian readers, are blessed to be able to enjoy the feeling<br \/>\nof ideological and spiritual wealth. The translation of this book into<br \/>\nthe Albanian language enables us to experience a literary miracle that<br \/>\nreminds us of the deep values of life and, without a doubt, increases the<br \/>\nlevels of our knowledge about the beauty and life of today\u2019s Humanity.<br \/>\nFor me, Soul Seeds is a book that makes us stop, reflect, and see<br \/>\nmore broadly our passions, weaknesses, and inner strengths. In this<br \/>\ncollection, Carolyn Mary Kleefeld writes in a clear and inspiring tone,<br \/>\nguiding us to a deeper understanding of life and ourselves. A book that<br \/>\nsows inspiration and reflection, Soul Seeds is sure to give the reader a<br \/>\nnew perspective on the world and a disregard of general extremism. For<br \/>\nme, as the translator of this book, but also as a writer, this book has<br \/>\nan artistic value that is not often written; therefore, with great love, I<br \/>\npresent to the Albanian reader a book that meets the expectations and<br \/>\ndemands of everyone who wants to understand better their own life.<br \/>\nThrough her words and imagination, Carolyn Mary Kleefeld takes us<br \/>\non an emotionally charged journey of resilience, loss, rekindling, and<br \/>\nreinvention. We can find something like this in the verses of Saint<br \/>\nMother Teresa, that extraordinary nun who left us many spiritual<br \/>\ninspirations.<br \/>\np\u00ebrdor n\u00eb k\u00ebt\u00eb lib\u00ebr. Ato tregojn\u00eb aft\u00ebsin\u00eb artistike t\u00eb autores dhe i japin<br \/>\nnj\u00eb dimension t\u00eb ve\u00e7ant\u00eb p\u00ebrmbajtjes s\u00eb aforizmave. Si lexues, kjo na jep<br \/>\nnj\u00eb k\u00ebndv\u00ebshtrim t\u00eb ri pamor dhe na ndihmojn\u00eb t\u00eb kuptojm\u00eb m\u00eb mir\u00eb<br \/>\nemocionet dhe filozofin\u00eb q\u00eb autorja p\u00ebrshkruan p\u00ebrmes fjal\u00ebve t\u00eb saj sa<br \/>\npoetike aq edhe filozofike.<br \/>\nN\u00eb koh\u00ebt aktuale, ku ekstremizmi dhe pamund\u00ebsia p\u00ebr t\u2019u lidhur me<br \/>\nveten dhe t\u00eb tjer\u00ebt po rrezikojn\u00eb jet\u00ebn e njeriut, Carolyn Mary Kleefeld<br \/>\nofron nj\u00eb mund\u00ebsi t\u00eb madhe. Shpresojm\u00eb, kjo fillon nga njohja e<br \/>\nvetvetes, njohja e realitetit dhe e koh\u00ebs n\u00eb t\u00eb cil\u00ebn jetojm\u00eb. Me thelbin<br \/>\ne tyre t\u00eb mendimeve t\u00eb thella dhe t\u00eb ndjeshme, aforizmat e saj na<br \/>\nndihmojn\u00eb t\u00eb kuptojm\u00eb se edhe n\u00eb mes t\u00eb v\u00ebshtir\u00ebsive t\u00eb ndryshme,<br \/>\nka ndri\u00e7im dhe mund\u00ebsi p\u00ebr zhvillim personal. Na b\u00ebn t\u00eb kuptojm\u00eb se<br \/>\njeta nuk \u00ebsht\u00eb gjithmon\u00eb e qart\u00eb dhe e drejt\u00eb, por \u00ebsht\u00eb rrug\u00ebtimi yn\u00eb<br \/>\ni p\u00ebrbashk\u00ebt, i cili ia vlen t\u00eb eksplorohet dhe vler\u00ebsohet n\u00eb \u00e7do faz\u00eb t\u00eb<br \/>\nr\u00ebnd\u00ebsishme.<br \/>\nNga p\u00ebrvojat dhe reflektimet n\u00eb k\u00ebt\u00eb p\u00ebrmbledhje aforizmash, ne<br \/>\nsi lexues shqiptar\u00eb jemi t\u00eb bekuar q\u00eb mund t\u00eb shijojm\u00eb ndjenj\u00ebn e<br \/>\npasuris\u00eb ideologjike dhe shpirt\u00ebrore. P\u00ebrkthimi i k\u00ebtij libri n\u00eb gjuh\u00ebn<br \/>\nshqipe na mund\u00ebson t\u00eb p\u00ebrjetojm\u00eb nj\u00eb mrekulli letrare q\u00eb na kujton<br \/>\nvlerat e thella t\u00eb jet\u00ebs dhe, pa dyshim, rrit nivelet e njohurive tona p\u00ebr<br \/>\nbukurin\u00eb dhe jet\u00ebn e Njer\u00ebzimit t\u00eb sot\u00ebm.<br \/>\nP\u00ebr mua, Soul Seeds \u00ebsht\u00eb nj\u00eb lib\u00ebr q\u00eb na b\u00ebn t\u00eb ndalemi, t\u00eb reflektojm\u00eb<br \/>\ndhe t\u00eb shohim m\u00eb gjer\u00ebsisht pasionet, dob\u00ebsit\u00eb dhe pikat e forta t\u00eb<br \/>\nbrendshme. N\u00eb k\u00ebt\u00eb koleksion, Carolyn Mary Kleefeld shkruan me nj\u00eb<br \/>\nton t\u00eb qart\u00eb dhe frym\u00ebzues, duke na udh\u00ebhequr drejt nj\u00eb kuptimi m\u00eb<br \/>\nt\u00eb thell\u00eb t\u00eb jet\u00ebs dhe vetes. Nj\u00eb lib\u00ebr q\u00eb mbjell frym\u00ebzim dhe reflektim,<br \/>\nSoul Seeds me siguri do t\u2019i jap\u00eb lexuesit nj\u00eb k\u00ebndv\u00ebshtrim t\u00eb ri mbi<br \/>\nbot\u00ebn dhe nj\u00eb shp\u00ebrfillje t\u00eb ekstremizmit t\u00eb p\u00ebrgjithsh\u00ebm. P\u00ebr mua,<br \/>\nsi p\u00ebrkthyes i k\u00ebtij libri, por edhe si shkrimtar, ky lib\u00ebr ka nj\u00eb vler\u00eb<br \/>\nartistike q\u00eb nuk shkruhet shpesh; prandaj me shum\u00eb dashuri i prezantoj<br \/>\nlexuesit shqiptar nj\u00eb lib\u00ebr q\u00eb plot\u00ebson pritshm\u00ebrit\u00eb dhe k\u00ebrkesat e secilit<br \/>\nq\u00eb d\u00ebshiron t\u00eb kuptoj\u00eb m\u00eb mir\u00eb jet\u00ebn e vet.<br \/>\nN\u00ebp\u00ebrmjet fjal\u00ebve dhe imagjinat\u00ebs s\u00eb saj, Carolyn Mary Kleefeld na<br \/>\n\u00e7on n\u00eb nj\u00eb udh\u00ebtim t\u00eb ngarkuar emocionalisht t\u00eb elasticitetit, humbjes,<br \/>\nrindezjes dhe rishpikjes. Nj\u00eb gj\u00eb t\u00eb till\u00eb mund ta gjejm\u00eb n\u00eb vargjet e<br \/>\nSh\u00ebn N\u00ebn\u00eb Terez\u00ebs, asaj murgesh\u00eb t\u00eb jasht\u00ebzakonshme q\u00eb na la shum\u00eb<br \/>\nfrym\u00ebzime shpirt\u00ebrore.<br \/>\nThus, Soul Seeds is a special book that helps us reflect on life as a<br \/>\ncomplete concept and deepens our understanding of truth. Through<br \/>\nthe writing of Carolyn Mary Kleefeld, we step out of the routine of the<br \/>\nordinary and into the world of her mind and spirit. This book gives<br \/>\nus a new perspective on life and reminds us how important it is to<br \/>\nunderstand our emotions and how to come to terms with the changes<br \/>\nthat life brings us.<br \/>\nIn the end, this book offers an invitation to rest where we are now and<br \/>\nchoose to live a life filled with meaning and purpose, perceiving that<br \/>\nevery soul we experience on our journey is essential to our personal<br \/>\ndevelopment and our consciousness. Carolyn Mary Kleefeld describes<br \/>\nthis process beautifully and gives us a unique perspective to deepen our<br \/>\nawareness of life<\/p>","protected":false},"excerpt":{"rendered":"<p>FARA E SHPIRTIT<br \/>\nZBULESA DHE VIZATIMET<br \/>\nSOUL SEEDS<br \/>\nREVELATIONS &amp; DRAWINGS<br \/>\nCarolyn Mary Kleefeld<br \/>\nForeword by Laura Archera Huxley and Professor Doctor Jeton Kelmendi<br \/>\nParath\u00ebnie nga Laura Archera Huxley dhe Profesor Doktor Jeton Kelmendi<br \/>\nTranslated by Professor Doctor Jeton Kelmendi<br \/>\nP\u00ebrktheu nga Anglishtja: Jeton Kelmendi<\/p>","protected":false},"featured_media":4560,"comment_status":"closed","ping_status":"closed","template":"","meta":{"_exactmetrics_skip_tracking":false,"_exactmetrics_sitenote_active":false,"_exactmetrics_sitenote_note":"","_exactmetrics_sitenote_category":0},"product_cat":[192,82],"product_tag":[193,194],"book_author":[195],"book_publisher":[186],"acf":[],"_links":{"self":[{"href":"https:\/\/www.iwabogdani.org\/sq\/wp-json\/wp\/v2\/product\/4320"}],"collection":[{"href":"https:\/\/www.iwabogdani.org\/sq\/wp-json\/wp\/v2\/product"}],"about":[{"href":"https:\/\/www.iwabogdani.org\/sq\/wp-json\/wp\/v2\/types\/product"}],"replies":[{"embeddable":true,"href":"https:\/\/www.iwabogdani.org\/sq\/wp-json\/wp\/v2\/comments?post=4320"}],"version-history":[{"count":2,"href":"https:\/\/www.iwabogdani.org\/sq\/wp-json\/wp\/v2\/product\/4320\/revisions"}],"predecessor-version":[{"id":4534,"href":"https:\/\/www.iwabogdani.org\/sq\/wp-json\/wp\/v2\/product\/4320\/revisions\/4534"}],"wp:featuredmedia":[{"embeddable":true,"href":"https:\/\/www.iwabogdani.org\/sq\/wp-json\/wp\/v2\/media\/4560"}],"wp:attachment":[{"href":"https:\/\/www.iwabogdani.org\/sq\/wp-json\/wp\/v2\/media?parent=4320"}],"wp:term":[{"taxonomy":"product_cat","embeddable":true,"href":"https:\/\/www.iwabogdani.org\/sq\/wp-json\/wp\/v2\/product_cat?post=4320"},{"taxonomy":"product_tag","embeddable":true,"href":"https:\/\/www.iwabogdani.org\/sq\/wp-json\/wp\/v2\/product_tag?post=4320"},{"taxonomy":"book_author","embeddable":true,"href":"https:\/\/www.iwabogdani.org\/sq\/wp-json\/wp\/v2\/book_author?post=4320"},{"taxonomy":"book_publisher","embeddable":true,"href":"https:\/\/www.iwabogdani.org\/sq\/wp-json\/wp\/v2\/book_publisher?post=4320"}],"curies":[{"name":"wp","href":"https:\/\/api.w.org\/{rel}","templated":true}]}}