{"id":4995,"date":"2024-02-02T14:21:19","date_gmt":"2024-02-02T14:21:19","guid":{"rendered":"https:\/\/www.iwabogdani.org\/?post_type=product&#038;p=4995"},"modified":"2024-02-02T14:21:19","modified_gmt":"2024-02-02T14:21:19","slug":"nje-ardhje-tjeter","status":"publish","type":"product","link":"https:\/\/www.iwabogdani.org\/sq\/produkt\/nje-ardhje-tjeter\/","title":{"rendered":"Nj\u00eb ardhje tjet\u00ebr"},"content":{"rendered":"<p>Jeton Kelmendi, poet, dramaturg p\u00ebrkthyes letrar analist politik, profesor universitar, akademik dhe publicist, lindi m\u00eb 1978 n\u00eb Pej\u00eb. Shkoll\u00ebn fillore dhe t\u00eb mesmen i kreu n\u00eb vendlindje, nd\u00ebrsa studimet p\u00ebr Komunikim Masiv n\u00eb Prishtin\u00eb, kurse studimet post-diplomike n\u00eb ULB \u2013 Universitetin e Brukselit (Politikat nd\u00ebrkomb\u00ebtare dhe \u00e7\u00ebshtjet e siguris\u00eb). Masterin e dyt\u00eb e mbaroj p\u00ebr diplomaci, nd\u00ebrsa doktorat\u00ebn p\u00ebr politikat e siguris\u00eb nd\u00ebrkomb\u00ebtare dhe rolin e medies te k\u00ebto politika. Ai \u00ebsht\u00eb profesor n\u00eb Universitetin AAB n\u00eb Prishtin\u00eb. Vite me radh\u00eb shkroi dhe botoi poezi, proz\u00eb, ese dhe tregime. \u00cbsht\u00eb bashk\u00ebpun\u00ebtor i shum\u00eb medieve, shqiptare e t\u00eb huaja, ku trajton \u00e7\u00ebshtjet t\u00eb ndryshme kulturore dhe politike, sidomos q\u00eb kan\u00eb t\u00eb b\u00ebjn\u00eb me raportet nd\u00ebrkomb\u00ebtare dhe sigurin\u00eb. Si em\u00ebr Jeton Kelmendi u b\u00eb i njohur p\u00ebr lexuesin n\u00eb Kosov\u00eb me p\u00ebrmbledhjen e par\u00eb me poezi \u201cShekulli i premtimeve\u201d, t\u00eb botuar m\u00eb 1999. N\u00eb vijim botoi edhe nj\u00eb ser\u00eb librash t\u00eb tjera. Poezit\u00eb e tij u p\u00ebrkthyen n\u00eb m\u00eb shum\u00eb se 37 gjuh\u00eb t\u00eb huaja, u botuan n\u00eb shum\u00eb antologji nd\u00ebrkomb\u00ebtare dhe revista t\u00eb ndryshme, duke b\u00ebr\u00eb k\u00ebshtu t\u00eb jet\u00eb poeti m\u00eb i p\u00ebrkthyer dhe poeti shqiptar q\u00eb ka marr\u00eb m\u00eb se shumti \u00e7mime nd\u00ebrkomb\u00ebtare. Ai \u00ebsht\u00eb p\u00ebrfaq\u00ebsues i denj\u00eb i poezis\u00eb moderne shqiptare \u00ebsht\u00eb th\u00ebn\u00eb nga kritika letrare. Qen\u00ebsia e pun\u00ebs s\u00eb tij n\u00eb fush\u00ebn e artit letrar \u00ebsht\u00eb kujdesi q\u00eb i kushton t\u00eb shprehurit poetik, shtjellimit modern t\u00eb tekstit dhe thell\u00ebsis\u00eb s\u00eb mesazhit. N\u00eb krijimtarin\u00eb e tij ve\u00e7ohet sidomos lirika e dashuris\u00eb dhe vargu eliptik i nd\u00ebrthurur me metafora dhe simbole artistike. \u00cbsht\u00eb veteran i luft\u00ebs s\u00eb U\u00c7K-s\u00eb. Aktualisht punon dhe jeton n\u00eb Prishtin\u00eb dhe n\u00eb Bruksel.<\/p>","protected":false},"excerpt":{"rendered":"<p><strong>ISBN:<\/strong> 978-0051-764-26-1<br \/>\n<strong>Pages:<\/strong> 129<\/p>","protected":false},"featured_media":4996,"comment_status":"closed","ping_status":"closed","template":"","meta":{"_exactmetrics_skip_tracking":false,"_exactmetrics_sitenote_active":false,"_exactmetrics_sitenote_note":"","_exactmetrics_sitenote_category":0},"product_cat":[15],"product_tag":[],"book_author":[157],"book_publisher":[186],"acf":[],"_links":{"self":[{"href":"https:\/\/www.iwabogdani.org\/sq\/wp-json\/wp\/v2\/product\/4995"}],"collection":[{"href":"https:\/\/www.iwabogdani.org\/sq\/wp-json\/wp\/v2\/product"}],"about":[{"href":"https:\/\/www.iwabogdani.org\/sq\/wp-json\/wp\/v2\/types\/product"}],"replies":[{"embeddable":true,"href":"https:\/\/www.iwabogdani.org\/sq\/wp-json\/wp\/v2\/comments?post=4995"}],"version-history":[{"count":1,"href":"https:\/\/www.iwabogdani.org\/sq\/wp-json\/wp\/v2\/product\/4995\/revisions"}],"predecessor-version":[{"id":4998,"href":"https:\/\/www.iwabogdani.org\/sq\/wp-json\/wp\/v2\/product\/4995\/revisions\/4998"}],"wp:featuredmedia":[{"embeddable":true,"href":"https:\/\/www.iwabogdani.org\/sq\/wp-json\/wp\/v2\/media\/4996"}],"wp:attachment":[{"href":"https:\/\/www.iwabogdani.org\/sq\/wp-json\/wp\/v2\/media?parent=4995"}],"wp:term":[{"taxonomy":"product_cat","embeddable":true,"href":"https:\/\/www.iwabogdani.org\/sq\/wp-json\/wp\/v2\/product_cat?post=4995"},{"taxonomy":"product_tag","embeddable":true,"href":"https:\/\/www.iwabogdani.org\/sq\/wp-json\/wp\/v2\/product_tag?post=4995"},{"taxonomy":"book_author","embeddable":true,"href":"https:\/\/www.iwabogdani.org\/sq\/wp-json\/wp\/v2\/book_author?post=4995"},{"taxonomy":"book_publisher","embeddable":true,"href":"https:\/\/www.iwabogdani.org\/sq\/wp-json\/wp\/v2\/book_publisher?post=4995"}],"curies":[{"name":"wp","href":"https:\/\/api.w.org\/{rel}","templated":true}]}}