{"id":5072,"date":"2024-02-26T14:37:15","date_gmt":"2024-02-26T14:37:15","guid":{"rendered":"https:\/\/www.iwabogdani.org\/?post_type=product&#038;p=5072"},"modified":"2024-02-26T14:37:15","modified_gmt":"2024-02-26T14:37:15","slug":"agmia-e-jetes-sime","status":"publish","type":"product","link":"https:\/\/www.iwabogdani.org\/sq\/produkt\/agmia-e-jetes-sime\/","title":{"rendered":"AGMIA E JET\u00cbS SIME"},"content":{"rendered":"<h3>N\u00eb vend t\u00eb parath\u00ebnies<\/h3>\n<p>N\u00eb kujtes\u00ebn time, si nj\u00eb \u00ebnd\u00ebrr e ngulitur thell\u00eb, e cila s\u2019ka si t\u00eb harrohet, kan\u00eb z\u00ebn\u00eb vend nj\u00eb mori temash t\u00eb librave me etje p\u00ebr t\u2019i shkruar. K\u00ebto tema gjithmon\u00eb l\u00ebviznin n\u00eb mendjen time, pa ndonj\u00eb renditje t\u00eb ve\u00e7ant\u00eb dhe filluan t\u00eb shpalosen gjat\u00eb gjith\u00eb jet\u00ebs, duke u nd\u00ebrthyrur me tematika t\u00eb reja, n\u00eb p\u00ebrshtatje me ngjarjet kohore, t\u00eb cilat ishin t\u00eb shumta. I vetmi, i cili nuk b\u00ebn pjes\u00eb n\u00eb \u201cregjistrin\u201d e kujtes\u00ebs s\u00eb hershme, \u00ebsht\u00eb libri p\u00ebr jet\u00ebn time bashk\u00ebkohore&#8230; Ai kishte nj\u00eb objekt tematik t\u00eb ve\u00e7ant\u00eb: Do t\u2019i p\u00ebrkushtohet t\u00ebr\u00ebsisht bashk\u00ebshortes sime. Por, duke qen\u00eb bashk\u00eb p\u00ebr gjasht\u00eb dekada, s\u2019mund t\u2019u shmangem, kurrsesi, p\u00ebrshkrimeve jet\u00ebsore p\u00ebr veten time, ku \u00e7do episode, ngjarje, ndodhi nd\u00ebrlidhet me t\u00eb larg apo af\u00ebr, hidhur apo \u00ebmb\u00ebl, n\u00eb favor ose jo t\u00eb jet\u00ebs son\u00eb&#8230; Tematika e k\u00ebtij libri u nxit apo lindi von\u00eb, kur po u afroheshim viteve \u201876 t\u00eb jet\u00ebs dhe vitit \u201860 t\u00eb martes\u00ebs son\u00eb t\u00eb celebruar. P\u00ebr k\u00ebt\u00eb af\u00ebrsi vitesh t\u00eb jet\u00ebs me martes\u00ebn, shum\u00ebkush mund do ta \u201crefuzoj\u00eb\u201d si t\u00eb paqen\u00eb, por un\u00eb me k\u00ebt\u00eb k\u00ebt\u00eb shpjegim t\u00eb shkurt\u00ebr, nuk do t\u00eb zbuloj detaje t\u00eb jet\u00ebs p\u00ebr t\u00eb minizuar apo p\u00ebr t\u00eb shuar kuriozitetin, para se librit t\u2019i \u201cbier\u201d faqja e fundit e leximit.<\/p>","protected":false},"excerpt":{"rendered":"<p><strong>ISBN<\/strong> 978-9928-4681-8-5<br \/>\nPages: 444<br \/>\nAuthor: PJET\u00cbR META (P\u00cbRPALAJ)<\/p>","protected":false},"featured_media":5074,"comment_status":"closed","ping_status":"closed","template":"","meta":{"_exactmetrics_skip_tracking":false,"_exactmetrics_sitenote_active":false,"_exactmetrics_sitenote_note":"","_exactmetrics_sitenote_category":0},"product_cat":[30],"product_tag":[],"book_author":[221],"book_publisher":[224],"acf":[],"_links":{"self":[{"href":"https:\/\/www.iwabogdani.org\/sq\/wp-json\/wp\/v2\/product\/5072"}],"collection":[{"href":"https:\/\/www.iwabogdani.org\/sq\/wp-json\/wp\/v2\/product"}],"about":[{"href":"https:\/\/www.iwabogdani.org\/sq\/wp-json\/wp\/v2\/types\/product"}],"replies":[{"embeddable":true,"href":"https:\/\/www.iwabogdani.org\/sq\/wp-json\/wp\/v2\/comments?post=5072"}],"version-history":[{"count":1,"href":"https:\/\/www.iwabogdani.org\/sq\/wp-json\/wp\/v2\/product\/5072\/revisions"}],"predecessor-version":[{"id":5075,"href":"https:\/\/www.iwabogdani.org\/sq\/wp-json\/wp\/v2\/product\/5072\/revisions\/5075"}],"wp:featuredmedia":[{"embeddable":true,"href":"https:\/\/www.iwabogdani.org\/sq\/wp-json\/wp\/v2\/media\/5074"}],"wp:attachment":[{"href":"https:\/\/www.iwabogdani.org\/sq\/wp-json\/wp\/v2\/media?parent=5072"}],"wp:term":[{"taxonomy":"product_cat","embeddable":true,"href":"https:\/\/www.iwabogdani.org\/sq\/wp-json\/wp\/v2\/product_cat?post=5072"},{"taxonomy":"product_tag","embeddable":true,"href":"https:\/\/www.iwabogdani.org\/sq\/wp-json\/wp\/v2\/product_tag?post=5072"},{"taxonomy":"book_author","embeddable":true,"href":"https:\/\/www.iwabogdani.org\/sq\/wp-json\/wp\/v2\/book_author?post=5072"},{"taxonomy":"book_publisher","embeddable":true,"href":"https:\/\/www.iwabogdani.org\/sq\/wp-json\/wp\/v2\/book_publisher?post=5072"}],"curies":[{"name":"wp","href":"https:\/\/api.w.org\/{rel}","templated":true}]}}