{"id":5087,"date":"2024-03-03T20:37:28","date_gmt":"2024-03-03T20:37:28","guid":{"rendered":"https:\/\/www.iwabogdani.org\/?post_type=product&#038;p=5087"},"modified":"2024-03-03T20:38:38","modified_gmt":"2024-03-03T20:38:38","slug":"laska-nachazi-sama-sebe","status":"publish","type":"product","link":"https:\/\/www.iwabogdani.org\/sq\/produkt\/laska-nachazi-sama-sebe\/","title":{"rendered":"L\u00e1ska nach\u00e1z\u00ed sama sebe Jeton Kelmendi"},"content":{"rendered":"<p>Jeton Kelmendi<br \/>\nL\u00e1ska nach\u00e1z\u00ed<br \/>\nsama sebe<\/p>","protected":false},"excerpt":{"rendered":"<p><strong>Jeton Kelmendi <em>L\u00e1ska nach\u00e1z\u00ed sama sebe<\/em><\/strong><br \/>\nVydalo nakladatelstv\u00ed TCF PRINT s.r.o.<br \/>\nve spolupr\u00e1ci s Kl\u00e1rou H\u016frkovou<br \/>\n\u00a9 Jeton Kelmendi<br \/>\nP\u0159eklad \u00a9 Kl\u00e1ra H\u016frkov\u00e1<br \/>\nP\u0159edmluva \u00a9 Kl\u00e1ra H\u016frkov\u00e1<br \/>\nEdice POCAHONTAS \u2013 P\u0159eklady poezie<br \/>\n1. svazek<br \/>\nGrafick\u00e1 \u00faprava: Helena Vendov\u00e1<br \/>\nTisk: TCF PRINT s.r.o.<br \/>\nN\u00e1klad: 100 v\u00fdtisk\u016f 2024<br \/>\n<strong>ISBN<\/strong> 978-80-908915-1-7<\/p>","protected":false},"featured_media":5085,"comment_status":"closed","ping_status":"closed","template":"","meta":{"_exactmetrics_skip_tracking":false,"_exactmetrics_sitenote_active":false,"_exactmetrics_sitenote_note":"","_exactmetrics_sitenote_category":0},"product_cat":[82],"product_tag":[225,58],"book_author":[226,197],"book_publisher":[227],"acf":[],"_links":{"self":[{"href":"https:\/\/www.iwabogdani.org\/sq\/wp-json\/wp\/v2\/product\/5087"}],"collection":[{"href":"https:\/\/www.iwabogdani.org\/sq\/wp-json\/wp\/v2\/product"}],"about":[{"href":"https:\/\/www.iwabogdani.org\/sq\/wp-json\/wp\/v2\/types\/product"}],"replies":[{"embeddable":true,"href":"https:\/\/www.iwabogdani.org\/sq\/wp-json\/wp\/v2\/comments?post=5087"}],"version-history":[{"count":2,"href":"https:\/\/www.iwabogdani.org\/sq\/wp-json\/wp\/v2\/product\/5087\/revisions"}],"predecessor-version":[{"id":5090,"href":"https:\/\/www.iwabogdani.org\/sq\/wp-json\/wp\/v2\/product\/5087\/revisions\/5090"}],"wp:featuredmedia":[{"embeddable":true,"href":"https:\/\/www.iwabogdani.org\/sq\/wp-json\/wp\/v2\/media\/5085"}],"wp:attachment":[{"href":"https:\/\/www.iwabogdani.org\/sq\/wp-json\/wp\/v2\/media?parent=5087"}],"wp:term":[{"taxonomy":"product_cat","embeddable":true,"href":"https:\/\/www.iwabogdani.org\/sq\/wp-json\/wp\/v2\/product_cat?post=5087"},{"taxonomy":"product_tag","embeddable":true,"href":"https:\/\/www.iwabogdani.org\/sq\/wp-json\/wp\/v2\/product_tag?post=5087"},{"taxonomy":"book_author","embeddable":true,"href":"https:\/\/www.iwabogdani.org\/sq\/wp-json\/wp\/v2\/book_author?post=5087"},{"taxonomy":"book_publisher","embeddable":true,"href":"https:\/\/www.iwabogdani.org\/sq\/wp-json\/wp\/v2\/book_publisher?post=5087"}],"curies":[{"name":"wp","href":"https:\/\/api.w.org\/{rel}","templated":true}]}}