{"id":5170,"date":"2024-03-27T20:08:17","date_gmt":"2024-03-27T20:08:17","guid":{"rendered":"https:\/\/www.iwabogdani.org\/?post_type=product&#038;p=5170"},"modified":"2024-03-27T20:08:18","modified_gmt":"2024-03-27T20:08:18","slug":"cka-eshte-dashuria-nga-dante-maffia","status":"publish","type":"product","link":"https:\/\/www.iwabogdani.org\/sq\/produkt\/cka-eshte-dashuria-nga-dante-maffia\/","title":{"rendered":"\u00c7KA \u00cbSHT\u00cb DASHURIA nga Dante Maffia"},"content":{"rendered":"<p>821.131.1-1<br \/>\n821.131.1-4<br \/>\n821.131.1-84<br \/>\n<strong>Maffia, Dante<\/strong><br \/>\n\u00c7ka \u00ebsht\u00eb dashuria : (poezi, ese, citate) \/ Dante Maffia ; p\u00ebrktheu nga italishtja Anila Dahriu. &#8211; Prishtin\u00eb : IWA Bogdani, 2024. &#8211; 164 f. ; 20 cm.<br \/>\nISBN <strong>978-9951-394-11-6<\/strong><\/p>","protected":false},"excerpt":{"rendered":"<p>P\u00ebrmbajtja:<br \/>\nHyrja&#8230;&#8230;&#8230;&#8230;&#8230;&#8230;&#8230;&#8230;&#8230;&#8230;&#8230;&#8230;&#8230;&#8230;&#8230;&#8230;&#8230;&#8230;&#8230;&#8230;&#8230;&#8230;&#8230;&#8230;&#8230;&#8230;&#8230;&#8230;&#8230;&#8230; 7<br \/>\nDashuria n\u00eb t\u00ebr\u00ebsin\u00eb e saj &#8230;&#8230;&#8230;&#8230;&#8230;&#8230;&#8230;&#8230;&#8230;&#8230;&#8230;&#8230;&#8230;&#8230;&#8230;&#8230;&#8230;&#8230;.. 13<br \/>\nMaraton\u00eb e k\u00ebndshme &#8230;&#8230;&#8230;&#8230;&#8230;&#8230;&#8230;&#8230;&#8230;&#8230;&#8230;&#8230;&#8230;&#8230;&#8230;&#8230;&#8230;&#8230;&#8230;&#8230;. 16<br \/>\nRRUG\u00cbTIMI I DASHURIS\u00cb &#8230;&#8230;&#8230;&#8230;&#8230;&#8230;&#8230;&#8230;&#8230;&#8230;&#8230;&#8230;&#8230;&#8230;&#8230;&#8230;. 19<br \/>\nAFORIZMA P\u00cbR DASHURIN\u00cb &#8230;&#8230;&#8230;&#8230;&#8230;&#8230;&#8230;&#8230;&#8230;&#8230;&#8230;&#8230;&#8230;&#8230;. 52<br \/>\nP\u00cbRKUFIZIMET E DASHURIS\u00cb &#8230;&#8230;&#8230;&#8230;&#8230;&#8230;&#8230;&#8230;&#8230;&#8230;&#8230;&#8230;&#8230;.. 55<br \/>\nPOEZI nga DANTE MAFFIA &#8230;&#8230;&#8230;&#8230;&#8230;&#8230;&#8230;&#8230;&#8230;&#8230;&#8230;&#8230;&#8230;&#8230;&#8230;.. 81<br \/>\nPUTH\u00cbM DASHURI &#8230;&#8230;&#8230;&#8230;&#8230;&#8230;&#8230;&#8230;&#8230;&#8230;&#8230;&#8230;&#8230;&#8230;&#8230;&#8230;&#8230;&#8230;&#8230;&#8230;. 81<br \/>\nM\u00cb THUAJ DASHURI, \u00c7FAR\u00cb \u00cbSHT\u00cb DASHURIA &#8230;&#8230;. 83<br \/>\nDUHET T\u00cb PLAKESH &#8230;&#8230;&#8230;&#8230;&#8230;&#8230;&#8230;&#8230;&#8230;&#8230;&#8230;&#8230;&#8230;&#8230;&#8230;&#8230;&#8230;&#8230;&#8230;. 87<br \/>\nKJO \u00cbSHT\u00cb DASHURIA &#8230;&#8230;&#8230;&#8230;&#8230;&#8230;&#8230;&#8230;&#8230;&#8230;&#8230;&#8230;&#8230;&#8230;&#8230;&#8230;&#8230;&#8230; 89<br \/>\nP\u00cbRGJIGJE P\u00cbR &#8220;T\u00cb V\u00cbRTET\u00cbN, JU LUTEM, RRETH DASHURIS\u00cb&#8221; &#8230;&#8230;&#8230;&#8230;&#8230;&#8230;&#8230;&#8230;&#8230;&#8230;&#8230;&#8230;&#8230;&#8230;&#8230;&#8230;&#8230;&#8230;&#8230;&#8230;&#8230;&#8230;&#8230;&#8230;. 90<br \/>\nNGA W. H. AUDEN &#8230;&#8230;&#8230;&#8230;&#8230;&#8230;&#8230;&#8230;&#8230;&#8230;&#8230;&#8230;&#8230;&#8230;&#8230;&#8230;&#8230;&#8230;&#8230;&#8230;.. 90<br \/>\n\u00cbSHT\u00cb DASHURI &#8230;&#8230;&#8230;&#8230;&#8230;&#8230;&#8230;&#8230;&#8230;&#8230;&#8230;&#8230;&#8230;&#8230;&#8230;&#8230;&#8230;&#8230;&#8230;&#8230;&#8230;.. 93<br \/>\nDASHURIA \u00cbSHT\u00cb NJ\u00cb SHK\u00cbMB &#8230;&#8230;&#8230;&#8230;&#8230;&#8230;&#8230;&#8230;&#8230;&#8230;&#8230;&#8230;. 94<br \/>\nNUK JAM I SIGURT\u00cb SE KA QEN\u00cb NJ\u00cb \u00cbND\u00cbRR &#8230;&#8230;&#8230;. 95<br \/>\nZAKONI I KUOTAVE &#8230;&#8230;&#8230;&#8230;&#8230;&#8230;&#8230;&#8230;&#8230;&#8230;&#8230;&#8230;&#8230;&#8230;&#8230;&#8230;&#8230;&#8230;&#8230;.. 96<br \/>\nTEORIT\u00cb JAN\u00cb T\u00cb PAFUNDME &#8230;&#8230;&#8230;&#8230;&#8230;&#8230;&#8230;&#8230;&#8230;&#8230;&#8230;&#8230;&#8230;. 98<br \/>\nNJ\u00cb GRUA M\u00cb KA RR\u00cbMBYER &#8230;&#8230;&#8230;&#8230;&#8230;&#8230;&#8230;&#8230;&#8230;&#8230;&#8230;&#8230;&#8230;.. 99<br \/>\nDASHURIA IME \u00cbSHT\u00cb E S\u00cbMUR\u00cb&#8230;&#8230;&#8230;&#8230;&#8230;&#8230;&#8230;&#8230;&#8230;&#8230;.. 100<br \/>\nDASHURIA \u00cbSHT\u00cb P\u00cbRMBUSHJA E SHK\u00cbLQIMEVE . 101<br \/>\nDASHURIA &#8230;&#8230;&#8230;&#8230;&#8230;&#8230;&#8230;&#8230;&#8230;&#8230;&#8230;&#8230;&#8230;&#8230;&#8230;&#8230;&#8230;&#8230;&#8230;&#8230;&#8230;&#8230;&#8230;&#8230;.. 103<br \/>\nNJ\u00cb L\u00cbNDIN\u00cb E SHFAROSUR &#8230;&#8230;&#8230;&#8230;&#8230;&#8230;&#8230;&#8230;&#8230;&#8230;&#8230;&#8230;&#8230;.. 105<br \/>\nDASHURIA MUND GJITH\u00c7KA &#8230;&#8230;&#8230;&#8230;&#8230;&#8230;&#8230;&#8230;&#8230;&#8230;&#8230;&#8230;&#8230;. 106<br \/>\nCitate mbi dashurin\u00eb &#8230;&#8230;&#8230;&#8230;&#8230;&#8230;&#8230;&#8230;&#8230;&#8230;&#8230;&#8230;&#8230;&#8230;&#8230;&#8230;&#8230;&#8230;&#8230;&#8230;. 107<br \/>\nSH\u00cbNIM BIOGRAFIK DANTE MAFFIA &#8230;&#8230;&#8230;&#8230;&#8230;&#8230;&#8230;&#8230;.. 161<\/p>","protected":false},"featured_media":5172,"comment_status":"closed","ping_status":"closed","template":"","meta":{"_exactmetrics_skip_tracking":false,"_exactmetrics_sitenote_active":false,"_exactmetrics_sitenote_note":"","_exactmetrics_sitenote_category":0},"product_cat":[25,30,82],"product_tag":[240],"book_author":[241],"book_publisher":[186],"acf":[],"_links":{"self":[{"href":"https:\/\/www.iwabogdani.org\/sq\/wp-json\/wp\/v2\/product\/5170"}],"collection":[{"href":"https:\/\/www.iwabogdani.org\/sq\/wp-json\/wp\/v2\/product"}],"about":[{"href":"https:\/\/www.iwabogdani.org\/sq\/wp-json\/wp\/v2\/types\/product"}],"replies":[{"embeddable":true,"href":"https:\/\/www.iwabogdani.org\/sq\/wp-json\/wp\/v2\/comments?post=5170"}],"version-history":[{"count":1,"href":"https:\/\/www.iwabogdani.org\/sq\/wp-json\/wp\/v2\/product\/5170\/revisions"}],"predecessor-version":[{"id":5173,"href":"https:\/\/www.iwabogdani.org\/sq\/wp-json\/wp\/v2\/product\/5170\/revisions\/5173"}],"wp:featuredmedia":[{"embeddable":true,"href":"https:\/\/www.iwabogdani.org\/sq\/wp-json\/wp\/v2\/media\/5172"}],"wp:attachment":[{"href":"https:\/\/www.iwabogdani.org\/sq\/wp-json\/wp\/v2\/media?parent=5170"}],"wp:term":[{"taxonomy":"product_cat","embeddable":true,"href":"https:\/\/www.iwabogdani.org\/sq\/wp-json\/wp\/v2\/product_cat?post=5170"},{"taxonomy":"product_tag","embeddable":true,"href":"https:\/\/www.iwabogdani.org\/sq\/wp-json\/wp\/v2\/product_tag?post=5170"},{"taxonomy":"book_author","embeddable":true,"href":"https:\/\/www.iwabogdani.org\/sq\/wp-json\/wp\/v2\/book_author?post=5170"},{"taxonomy":"book_publisher","embeddable":true,"href":"https:\/\/www.iwabogdani.org\/sq\/wp-json\/wp\/v2\/book_publisher?post=5170"}],"curies":[{"name":"wp","href":"https:\/\/api.w.org\/{rel}","templated":true}]}}