{"id":5400,"date":"2025-02-28T08:18:42","date_gmt":"2025-02-28T08:18:42","guid":{"rendered":"https:\/\/www.iwabogdani.org\/?post_type=product&#038;p=5400"},"modified":"2025-03-19T06:34:28","modified_gmt":"2025-03-19T06:34:28","slug":"fllad-eshte-udhetimi-maria-curatola","status":"publish","type":"product","link":"https:\/\/www.iwabogdani.org\/sq\/produkt\/fllad-eshte-udhetimi-maria-curatola\/","title":{"rendered":"FLLAD \u00cbSHT\u00cb UDH\u00cbTIMI &#8211; MARIA CURATOLO"},"content":{"rendered":"<p class=\"p1\"><b>Katalogimi n\u00eb botim \u2013 (CIP)<\/b><\/p>\n<p class=\"p1\"><b>Biblioteka Komb\u00ebtare e Kosov\u00ebs \u201cPjet\u00ebr Bogdani\u201d<\/b><\/p>\n<p class=\"p1\">821.131.1-1<\/p>\n<p class=\"p1\">Curatolo, Maria<\/p>\n<p class=\"p1\">Fllad \u00ebsht\u00eb udh\u00ebtimi : poezi \/ Maria Curatolo ;<\/p>\n<p class=\"p1\">p\u00ebrktheu Anila Dahriu. &#8211; Prishtin\u00eb : IWA<\/p>\n<p class=\"p1\">Bogdani, 2025. &#8211; 82 f. ; 20 cm. &#8211; (Biblioteka\u201dAdem Shkreli<\/p>\n<p class=\"p1\">1. Dahriu, Anila<\/p>\n<p class=\"p1\"><b>ISBN 978-9951-394-38-3<\/b><\/p>","protected":false},"excerpt":{"rendered":"<p class=\"p1\"><b>Biblioteka<\/b><\/p>\n<p class=\"p1\"><b>Edition IWA BOGDANI<\/b><\/p>\n<p class=\"p2\"><b>www.iwabogdani.org<\/b><\/p>\n<p class=\"p2\"><b>iwabogdani@gmail.com<\/b><\/p>\n<p class=\"p1\">IWA Bogdani, Brussels \u2013 Prishtin\u00eb<\/p>\n<p class=\"p1\">0032494464251<\/p>\n<p class=\"p1\">Botues: <b>Jeton Kelmendi<\/b><\/p>\n<p class=\"p3\"><span class=\"s1\">Autor: <\/span><b>Maria Curatola<\/b><\/p>\n<p class=\"p1\">Titulli n\u00eb Serbisht <b>\u201cFllad \u00ebsht\u00eb udh\u00ebtimi &#8211;<\/b><\/p>\n<p class=\"p1\">P\u00ebrktheu:<\/p>\n<p class=\"p1\"><b>Anila Dahriu<\/b><\/p>\n<p class=\"p1\">Redaktor i botimit:<\/p>\n<p class=\"p1\"><b>Engj\u00ebll I. Berisha<\/b><\/p>\n<p class=\"p1\">Dizajni i brendshem: Bogdani Design<\/p>\n<p class=\"p1\">Ballina: IWA Bogdani<\/p>\n<p class=\"p1\">Copyright <b>\u00a9 IWA Bogdani<\/b><\/p>\n<p class=\"p1\"><b>ISBN 978-9951-394-38-3<\/b><\/p>","protected":false},"featured_media":5434,"comment_status":"closed","ping_status":"closed","template":"","meta":{"_exactmetrics_skip_tracking":false,"_exactmetrics_sitenote_active":false,"_exactmetrics_sitenote_note":"","_exactmetrics_sitenote_category":0},"product_cat":[89,82],"product_tag":[266,58],"book_author":[271],"book_publisher":[186],"acf":[],"_links":{"self":[{"href":"https:\/\/www.iwabogdani.org\/sq\/wp-json\/wp\/v2\/product\/5400"}],"collection":[{"href":"https:\/\/www.iwabogdani.org\/sq\/wp-json\/wp\/v2\/product"}],"about":[{"href":"https:\/\/www.iwabogdani.org\/sq\/wp-json\/wp\/v2\/types\/product"}],"replies":[{"embeddable":true,"href":"https:\/\/www.iwabogdani.org\/sq\/wp-json\/wp\/v2\/comments?post=5400"}],"version-history":[{"count":3,"href":"https:\/\/www.iwabogdani.org\/sq\/wp-json\/wp\/v2\/product\/5400\/revisions"}],"predecessor-version":[{"id":5431,"href":"https:\/\/www.iwabogdani.org\/sq\/wp-json\/wp\/v2\/product\/5400\/revisions\/5431"}],"wp:featuredmedia":[{"embeddable":true,"href":"https:\/\/www.iwabogdani.org\/sq\/wp-json\/wp\/v2\/media\/5434"}],"wp:attachment":[{"href":"https:\/\/www.iwabogdani.org\/sq\/wp-json\/wp\/v2\/media?parent=5400"}],"wp:term":[{"taxonomy":"product_cat","embeddable":true,"href":"https:\/\/www.iwabogdani.org\/sq\/wp-json\/wp\/v2\/product_cat?post=5400"},{"taxonomy":"product_tag","embeddable":true,"href":"https:\/\/www.iwabogdani.org\/sq\/wp-json\/wp\/v2\/product_tag?post=5400"},{"taxonomy":"book_author","embeddable":true,"href":"https:\/\/www.iwabogdani.org\/sq\/wp-json\/wp\/v2\/book_author?post=5400"},{"taxonomy":"book_publisher","embeddable":true,"href":"https:\/\/www.iwabogdani.org\/sq\/wp-json\/wp\/v2\/book_publisher?post=5400"}],"curies":[{"name":"wp","href":"https:\/\/api.w.org\/{rel}","templated":true}]}}