{"id":5570,"date":"2025-10-09T18:07:06","date_gmt":"2025-10-09T18:07:06","guid":{"rendered":"https:\/\/www.iwabogdani.org\/?post_type=product&#038;p=5570"},"modified":"2025-10-09T18:07:06","modified_gmt":"2025-10-09T18:07:06","slug":"prof-dr-zejnepe-alili-rexhepi-kodi-i-fjales-ne-poezine-e-jeton-kelmendit","status":"publish","type":"product","link":"https:\/\/www.iwabogdani.org\/sq\/produkt\/prof-dr-zejnepe-alili-rexhepi-kodi-i-fjales-ne-poezine-e-jeton-kelmendit\/","title":{"rendered":"Prof. Dr Zejnepe Alili Rexhepi &#8211; KODI I FJAL\u00cbS N\u00cb POEZIN\u00cb E JETON KELMENDIT"},"content":{"rendered":"<p style=\"font-weight: 400;\"><strong>\u00a0\u201cKodi i fjal\u00ebs n\u00eb poezin\u00eb e Jeton Kelmendit\u201d nga Zejnepe Alili Rexhepi<\/strong><\/p>\n<p>&nbsp;<\/p>\n<p style=\"font-weight: 400;\"><strong><em>Autor\u00ebt q\u00eb kan\u00eb shkruar nj\u00eb, dy ose tri\u00a0<\/em><\/strong><strong><em>shirk<\/em><\/strong><\/p>\n<p style=\"font-weight: 400;\"><strong>Prof. Emeritus Ernesto Kahan (Izrael)<\/strong><br \/>\n<strong>Prof. Dr. Lee Kuei-shien (Tajvan)<\/strong><br \/>\n<strong>Akademik Athanase Vantchev de Thracy (Franc\u00eb)<\/strong><br \/>\n<strong>Nicole Laurent-Catrice (Franc\u00eb)<\/strong><br \/>\n<strong>Prof. Dr. Giovanni Dotoli (Itali)<\/strong><br \/>\n<strong>Dante Maffia (Itali)<\/strong><br \/>\n<strong>Dr. Gaetano Appeso (Itali)<\/strong><br \/>\n<strong>Dr. Saverio Sinopoli<\/strong>\u00a0(President i Shoqat\u00ebs Kulturore \u201cPablo Neruda\u201d)<br \/>\n<strong>Alessandro Ramberti (Itali)<\/strong><br \/>\n<strong>Claudia Piccinno (Itali)<\/strong><br \/>\n<strong>Prof. Gustavo Vega Mansilla (Spanj\u00eb)<\/strong><br \/>\n<strong>Julio Pavanetti (Uruguai \/ Spanj\u00eb)<\/strong><br \/>\n<strong>Elisabetta Bagli (Itali)<\/strong><br \/>\n<strong>Popely Lapiy &#8211; Caza (Kolumbi)<\/strong><br \/>\n<strong>Balfour Hakak, Zipi Weiner (Izrael)<\/strong><br \/>\n<strong>Daniel Revach<\/strong><br \/>\n<strong>Prof. Dr. Hasan Erkek (Turqi)<\/strong><br \/>\n<strong>Ricardo Rubio (Argjentin\u00eb)<\/strong><br \/>\n<strong>Graciela Maturo (Argjentin\u00eb)<\/strong><br \/>\n<strong>Ion Deaconescu (Rumani)<\/strong><br \/>\n<strong>Jorge Oscar Bach (Argjentin\u00eb)<\/strong><br \/>\n<strong>Susana Roberts (Argjentin\u00eb)<\/strong><br \/>\n<strong>Erling Kittelsen (Norvegji)<\/strong><br \/>\n<strong>Akademik Khazal Almajidi (Irak)<\/strong><br \/>\n<strong>Prof. Dr. Ion Deaconescu (Rumani)<\/strong><br \/>\n<strong>Prof. Dr. Nicolae Dabija (Moldavi)<\/strong><br \/>\n<strong>Prof. Emeritus Ernesto Cohan<\/strong><br \/>\n<strong>Dr. Rajdeep Chowdhury (Indi)<\/strong><br \/>\n<strong>Pramila Khadun (Mauritani)<\/strong><br \/>\n<strong>Suren Abrahamyan (Armeni)<\/strong><br \/>\n<strong>Yolande Duque Vidal (Kanad\u00eb)<\/strong><br \/>\n<strong>Craig Czury (SHBA)<\/strong><br \/>\n<strong>Michela Primerano (Itali)<\/strong><br \/>\n<strong>Maria Maraglia (Itali)<\/strong><br \/>\n<strong>Stanislaw Stani\u0107 (Poloni)<\/strong><br \/>\n<strong>Jerzy Parusyevski (Poloni)<\/strong><br \/>\n<strong>Kristina Lenkovska (Poloni)<\/strong><br \/>\n<strong>Dmitro Tchystiah (Ukrain\u00eb)<\/strong><br \/>\n<strong>Mihai Firica (Rumani)<\/strong><br \/>\n<strong>Millutin Xhuri\u00e7kovi\u00e7 (Serbi)<\/strong><br \/>\n<strong>Danica Stolli\u00e7 (Serbi)<\/strong><br \/>\n<strong>Trajko Ognenovski (Maqedoni e Veriut)<\/strong><br \/>\n<strong>Sasho Obnenovski (Maqedoni e Veriut)<\/strong><br \/>\n<strong>Prof. Dr. Miomir Milinkoviq (Serbi)<\/strong><br \/>\n<strong>Sofija Kallezi\u00e7 (Mali i Zi)<\/strong><br \/>\n<strong>Memmed Ismayl (Azerbajxhan)<\/strong><br \/>\n<strong>Maria do Sameiro Barroso (Portugali)<\/strong><br \/>\n<strong>Luis Serrano (Portugali)<\/strong><br \/>\n<strong>Tatyana Terebinova (Rusi)<\/strong><br \/>\n<strong>Jozhe Bren\u00e7i\u00e7 (Slloveni)<\/strong><br \/>\n<strong>Zdravo Odor\u00e7i\u00e7 (Kroaci)<\/strong><br \/>\n<strong>Sabahudin Haxhiali\u00e7 (Bosnj\u00eb dhe Hercegovin\u00eb)<\/strong><br \/>\n<strong>Prend Buzhala (Kosov\u00eb)<\/strong><br \/>\n<strong>Shyqri Nimani (Kosov\u00eb)<\/strong><br \/>\n<strong>Smail Smaka (Kosov\u00eb)<\/strong><br \/>\n<strong>Violeta Allmu\u00e7a (Shqip\u00ebri)<\/strong><br \/>\n<strong>Engj\u00ebll Berisha (Kosov\u00eb)<\/strong><br \/>\n<strong>Taner Gy\u00e7liturk (Kosov\u00eb)<\/strong><br \/>\n<strong>Bujar Tafa (Kosov\u00eb)<\/strong><strong><br \/>\nProf. Dr. Zejnepe Alili Rexhepi (Maqedoni e Veriut).\u00a0<\/strong><\/p>\n<p style=\"font-weight: 400;\">","protected":false},"excerpt":{"rendered":"<p class=\"p1\"><b>Katalogimi n\u00eb botim \u2013 (CIP)<\/b><\/p>\n<p class=\"p1\"><b>Biblioteka Komb\u00ebtare e Kosov\u00ebs \u201cPjet\u00ebr Bogdani\u201d<\/b><\/p>\n<p class=\"p1\">821.18.09<\/p>\n<p class=\"p1\">929(497.51)Kelmendi, Jeton<\/p>\n<p class=\"p1\">Rexhepi, Zejnepe Alili<\/p>\n<p class=\"p1\">Kodi i fjal\u00ebs n\u00eb poezin\u00eb e Jeton Kelmendit : studime dhe<\/p>\n<p class=\"p1\">ese \/ Zejnepe Alili Rexhepi. &#8211; Prishtin\u00eb : IWA Bogdani,<\/p>\n<p class=\"p1\">2025. &#8211; 418 f. ; 21 cm. &#8211; ( Biblioteka\u201dAdem Shkreli\u201d)<\/p>\n<p class=\"p1\"><b>ISBN<\/b> <b>978-9951-394-50-5<\/b><\/p>","protected":false},"featured_media":5568,"comment_status":"closed","ping_status":"closed","template":"","meta":{"_exactmetrics_skip_tracking":false,"_exactmetrics_sitenote_active":false,"_exactmetrics_sitenote_note":"","_exactmetrics_sitenote_category":0},"product_cat":[47,223,27],"product_tag":[308,225,307,306],"book_author":[309],"book_publisher":[186],"acf":[],"_links":{"self":[{"href":"https:\/\/www.iwabogdani.org\/sq\/wp-json\/wp\/v2\/product\/5570"}],"collection":[{"href":"https:\/\/www.iwabogdani.org\/sq\/wp-json\/wp\/v2\/product"}],"about":[{"href":"https:\/\/www.iwabogdani.org\/sq\/wp-json\/wp\/v2\/types\/product"}],"replies":[{"embeddable":true,"href":"https:\/\/www.iwabogdani.org\/sq\/wp-json\/wp\/v2\/comments?post=5570"}],"version-history":[{"count":1,"href":"https:\/\/www.iwabogdani.org\/sq\/wp-json\/wp\/v2\/product\/5570\/revisions"}],"predecessor-version":[{"id":5572,"href":"https:\/\/www.iwabogdani.org\/sq\/wp-json\/wp\/v2\/product\/5570\/revisions\/5572"}],"wp:featuredmedia":[{"embeddable":true,"href":"https:\/\/www.iwabogdani.org\/sq\/wp-json\/wp\/v2\/media\/5568"}],"wp:attachment":[{"href":"https:\/\/www.iwabogdani.org\/sq\/wp-json\/wp\/v2\/media?parent=5570"}],"wp:term":[{"taxonomy":"product_cat","embeddable":true,"href":"https:\/\/www.iwabogdani.org\/sq\/wp-json\/wp\/v2\/product_cat?post=5570"},{"taxonomy":"product_tag","embeddable":true,"href":"https:\/\/www.iwabogdani.org\/sq\/wp-json\/wp\/v2\/product_tag?post=5570"},{"taxonomy":"book_author","embeddable":true,"href":"https:\/\/www.iwabogdani.org\/sq\/wp-json\/wp\/v2\/book_author?post=5570"},{"taxonomy":"book_publisher","embeddable":true,"href":"https:\/\/www.iwabogdani.org\/sq\/wp-json\/wp\/v2\/book_publisher?post=5570"}],"curies":[{"name":"wp","href":"https:\/\/api.w.org\/{rel}","templated":true}]}}