{"id":5615,"date":"2025-12-01T15:32:34","date_gmt":"2025-12-01T15:32:34","guid":{"rendered":"https:\/\/www.iwabogdani.org\/?post_type=product&#038;p=5615"},"modified":"2025-12-01T15:32:35","modified_gmt":"2025-12-01T15:32:35","slug":"koha-ka-ardhur-knut-odegard","status":"publish","type":"product","link":"https:\/\/www.iwabogdani.org\/sq\/produkt\/koha-ka-ardhur-knut-odegard\/","title":{"rendered":"Koha ka ardhur &#8211; KNUT \u00d8DEG\u00c5RD"},"content":{"rendered":"<p style=\"font-weight: 400;\"><strong>Biblioteka<\/strong><\/p>\n<p style=\"font-weight: 400;\"><strong>Edition IWA BOGDANI<br \/>\n<\/strong><a href=\"https:\/\/www.iwabogdani.org\/sq\/\"><strong>www.iwabogdani.org<\/strong><\/a><strong><br \/>\n<\/strong><a href=\"mailto:iwabogdani@gmail.com\"><strong>iwabogdani@gmail.com<\/strong><\/a><strong><br \/>\n<\/strong>IWA Bogdani, Brussels \u2013 Prishtin\u00eb<br \/>\n0032494464251<\/p>\n<p style=\"font-weight: 400;\">Editor: Kyvete Shatri<br \/>\nRedaktor i botimit: Engj\u00ebll I. Berisha<\/p>\n<p style=\"font-weight: 400;\">P\u00ebrktheu nga Anglishtja: Jeton Kelmendi<\/p>\n<p style=\"font-weight: 400;\">Kopertina: Bogdani design<\/p>\n<p style=\"font-weight: 400;\"><strong>\u00a0<\/strong><\/p>\n<p style=\"font-weight: 400;\">Copyright i botimit n\u00eb Shqip IWA Bogdani<\/p>\n<p style=\"font-weight: 400;\">\n<p style=\"font-weight: 400;\"><strong>Translated in English by Brian McNeil<\/strong><\/p>\n<p><span style=\"font-weight: 400;\">First publication:<br \/>\n<em>Tida er inne, <\/em>Oslo: Cappelen Damm 2017.<br \/>\nThe first edition is dedicated to Father Brian McNeil.<\/span><\/p>","protected":false},"excerpt":{"rendered":"<p style=\"font-weight: 400;\"><strong>Katalogimi n\u00eb botim \u2013 (CIP)<br \/>\nBiblioteka Komb\u00ebtare e Kosov\u00ebs \u201cPjetej Bogdani\u201d<\/strong><\/p>\n<table style=\"font-weight: 400;\">\n<tbody>\n<tr>\n<td width=\"367\">821.113.5-1<\/p>\n<p>&nbsp;<\/p>\n<p>\u00d8deg\u00e5rd, Knut<\/p>\n<p>Koha ka ardhur<strong> \/ <\/strong>Knut \u00d8deg\u00e5rd ; p\u00ebrktheu nga nglishtja Jeton Kelmendi. &#8211; Prishtin\u00eb : IWA Bogdani, 2025. &#8211; 113 f. ; 21 cm. &#8211; (Biblioteka : \u201cAdem Shkreli\u201d)<\/p>\n<p>1. Kelmendi, Jeton<\/p>\n<p><strong>ISBN 978-9951-394-53-6<\/strong><\/td>\n<\/tr>\n<\/tbody>\n<\/table>","protected":false},"featured_media":5617,"comment_status":"closed","ping_status":"closed","template":"","meta":{"_exactmetrics_skip_tracking":false,"_exactmetrics_sitenote_active":false,"_exactmetrics_sitenote_note":"","_exactmetrics_sitenote_category":0},"product_cat":[89,82],"product_tag":[257],"book_author":[226,318],"book_publisher":[186],"acf":[],"_links":{"self":[{"href":"https:\/\/www.iwabogdani.org\/sq\/wp-json\/wp\/v2\/product\/5615"}],"collection":[{"href":"https:\/\/www.iwabogdani.org\/sq\/wp-json\/wp\/v2\/product"}],"about":[{"href":"https:\/\/www.iwabogdani.org\/sq\/wp-json\/wp\/v2\/types\/product"}],"replies":[{"embeddable":true,"href":"https:\/\/www.iwabogdani.org\/sq\/wp-json\/wp\/v2\/comments?post=5615"}],"version-history":[{"count":1,"href":"https:\/\/www.iwabogdani.org\/sq\/wp-json\/wp\/v2\/product\/5615\/revisions"}],"predecessor-version":[{"id":5618,"href":"https:\/\/www.iwabogdani.org\/sq\/wp-json\/wp\/v2\/product\/5615\/revisions\/5618"}],"wp:featuredmedia":[{"embeddable":true,"href":"https:\/\/www.iwabogdani.org\/sq\/wp-json\/wp\/v2\/media\/5617"}],"wp:attachment":[{"href":"https:\/\/www.iwabogdani.org\/sq\/wp-json\/wp\/v2\/media?parent=5615"}],"wp:term":[{"taxonomy":"product_cat","embeddable":true,"href":"https:\/\/www.iwabogdani.org\/sq\/wp-json\/wp\/v2\/product_cat?post=5615"},{"taxonomy":"product_tag","embeddable":true,"href":"https:\/\/www.iwabogdani.org\/sq\/wp-json\/wp\/v2\/product_tag?post=5615"},{"taxonomy":"book_author","embeddable":true,"href":"https:\/\/www.iwabogdani.org\/sq\/wp-json\/wp\/v2\/book_author?post=5615"},{"taxonomy":"book_publisher","embeddable":true,"href":"https:\/\/www.iwabogdani.org\/sq\/wp-json\/wp\/v2\/book_publisher?post=5615"}],"curies":[{"name":"wp","href":"https:\/\/api.w.org\/{rel}","templated":true}]}}