{"id":5694,"date":"2026-02-04T20:24:22","date_gmt":"2026-02-04T20:24:22","guid":{"rendered":"https:\/\/www.iwabogdani.org\/?post_type=product&#038;p=5694"},"modified":"2026-02-04T20:24:23","modified_gmt":"2026-02-04T20:24:23","slug":"ka-ende-kohe-joze-brencic","status":"publish","type":"product","link":"https:\/\/www.iwabogdani.org\/sq\/produkt\/ka-ende-kohe-joze-brencic\/","title":{"rendered":"KA ENDE KOH\u00cb &#8211; JO\u017dE BREN\u010cI\u010c"},"content":{"rendered":"<p style=\"font-weight: 400;\"><strong>Biblioteka<\/strong><\/p>\n<p style=\"font-weight: 400;\"><strong>Edition IWA BOGDANI<\/strong><\/p>\n<p style=\"font-weight: 400;\"><a href=\"https:\/\/www.iwabogdani.org\/sq\/\"><strong>www.iwabogdani.org<\/strong><\/a><\/p>\n<p style=\"font-weight: 400;\"><a href=\"mailto:iwabogdani@gmail.com\"><strong>iwabogdani@gmail.com<\/strong><\/a><strong><br \/>\n<\/strong>IWA Bogdani, Brussels \u2013 Prishtin\u00eb<br \/>\n0032494464251<\/p>\n<p style=\"font-weight: 400;\">Autor: <strong>Jozhe Bren\u00e7i\u00e7<\/strong><\/p>\n<p style=\"font-weight: 400;\">\nRedaktor:<\/p>\n<p style=\"font-weight: 400;\"><strong>Xhemil Byty\u00e7i<br \/>\n<\/strong><strong>P\u00ebrktheu nga Anglishtja n\u00eb Shqip: Jeton Kelmendi<\/p>\n<p><\/strong>Dizajni i brendshem: Bogdani Design<br \/>\nBallina: IWA Bogdani<\/p>\n<p style=\"font-weight: 400;\">Copyright <strong>\u00a9 &#8211; IWA Bogdani<\/strong><br \/>\n<strong><br \/>\nISBN <\/strong><strong>978-9951-394-66-6<\/strong><\/p>","protected":false},"excerpt":{"rendered":"<p style=\"font-weight: 400;\"><strong>Katalogimi n\u00eb botim \u2013 (CIP)<\/strong><\/p>\n<p style=\"font-weight: 400;\"><strong>Biblioteka Komb\u00ebtare e Kosov\u00ebs \u201cPjet\u00ebr Bogdani\u201d<\/strong><\/p>\n<table style=\"font-weight: 400;\" width=\"347\">\n<tbody>\n<tr>\n<td width=\"347\"><strong>\u00a0<\/strong><\/p>\n<p>821.163.6-1<\/p>\n<p><strong>\u00a0<\/strong><\/p>\n<p>Bren\u010di\u010d, Jo\u017ee<\/p>\n<p>Ka ende koh\u00eb : poezi<strong> \/ <\/strong>Jo\u017ee Bren\u010di\u010d ; p\u00ebrktheu nga anglishtja n\u00eb shqip\u00a0 Jeton Kelmendi. &#8211; Prishtin\u00eb : IWA Bogdani, 2026. &#8211; 101 f. ; 20 cm. &#8211; (Biblioteka \u201cAdem Shkreli\u201d)<\/p>\n<p><strong>\u00a0<\/strong><\/p>\n<p>1. Kelmendi, Jeton<\/p>\n<p><strong>\u00a0<\/strong><\/p>\n<p><strong>ISBN 978-9951-394-66-6<\/strong><\/p>\n<p><strong>\u00a0<\/strong><\/td>\n<\/tr>\n<\/tbody>\n<\/table>","protected":false},"featured_media":5696,"comment_status":"closed","ping_status":"closed","template":"","meta":{"_exactmetrics_skip_tracking":false,"_exactmetrics_sitenote_active":false,"_exactmetrics_sitenote_note":"","_exactmetrics_sitenote_category":0},"product_cat":[82],"product_tag":[334],"book_author":[226,335],"book_publisher":[186],"acf":[],"_links":{"self":[{"href":"https:\/\/www.iwabogdani.org\/sq\/wp-json\/wp\/v2\/product\/5694"}],"collection":[{"href":"https:\/\/www.iwabogdani.org\/sq\/wp-json\/wp\/v2\/product"}],"about":[{"href":"https:\/\/www.iwabogdani.org\/sq\/wp-json\/wp\/v2\/types\/product"}],"replies":[{"embeddable":true,"href":"https:\/\/www.iwabogdani.org\/sq\/wp-json\/wp\/v2\/comments?post=5694"}],"version-history":[{"count":1,"href":"https:\/\/www.iwabogdani.org\/sq\/wp-json\/wp\/v2\/product\/5694\/revisions"}],"predecessor-version":[{"id":5697,"href":"https:\/\/www.iwabogdani.org\/sq\/wp-json\/wp\/v2\/product\/5694\/revisions\/5697"}],"wp:featuredmedia":[{"embeddable":true,"href":"https:\/\/www.iwabogdani.org\/sq\/wp-json\/wp\/v2\/media\/5696"}],"wp:attachment":[{"href":"https:\/\/www.iwabogdani.org\/sq\/wp-json\/wp\/v2\/media?parent=5694"}],"wp:term":[{"taxonomy":"product_cat","embeddable":true,"href":"https:\/\/www.iwabogdani.org\/sq\/wp-json\/wp\/v2\/product_cat?post=5694"},{"taxonomy":"product_tag","embeddable":true,"href":"https:\/\/www.iwabogdani.org\/sq\/wp-json\/wp\/v2\/product_tag?post=5694"},{"taxonomy":"book_author","embeddable":true,"href":"https:\/\/www.iwabogdani.org\/sq\/wp-json\/wp\/v2\/book_author?post=5694"},{"taxonomy":"book_publisher","embeddable":true,"href":"https:\/\/www.iwabogdani.org\/sq\/wp-json\/wp\/v2\/book_publisher?post=5694"}],"curies":[{"name":"wp","href":"https:\/\/api.w.org\/{rel}","templated":true}]}}