{"id":5699,"date":"2026-02-05T20:34:54","date_gmt":"2026-02-05T20:34:54","guid":{"rendered":"https:\/\/www.iwabogdani.org\/?post_type=product&#038;p=5699"},"modified":"2026-02-06T14:35:53","modified_gmt":"2026-02-06T14:35:53","slug":"duke-degjuar-te-njejtin-tingull-dimitris-p-kraniotis","status":"publish","type":"product","link":"https:\/\/www.iwabogdani.org\/sq\/produkt\/duke-degjuar-te-njejtin-tingull-dimitris-p-kraniotis\/","title":{"rendered":"DUKE D\u00cbGJUAR T\u00cb NJ\u00cbJTIN TINGULL &#8211; DIMITRIS P. KRANIOTIS"},"content":{"rendered":"<p style=\"font-weight: 400;\"><strong>Biblioteka<\/strong><\/p>\n<p style=\"font-weight: 400;\"><strong>Edition IWA BOGDANI<\/strong><\/p>\n<p style=\"font-weight: 400;\"><a href=\"https:\/\/www.iwabogdani.org\/sq\/\"><strong>www.iwabogdani.org<\/strong><\/a><\/p>\n<p style=\"font-weight: 400;\"><a href=\"mailto:iwabogdani@gmail.com\"><strong>iwabogdani@gmail.com<\/strong><\/a><strong><br \/>\n<\/strong>IWA Bogdani, Brussels \u2013 Prishtin\u00eb<br \/>\n0032494464251<\/p>\n<p style=\"font-weight: 400;\">Autor: <strong>Dimitris P. Kraniotis<\/strong><\/p>\n<p style=\"font-weight: 400;\">Redaktor:<\/p>\n<p style=\"font-weight: 400;\"><strong>Xhemil Byty\u00e7i<br \/>\n<\/strong><strong>P\u00ebrktheu nga Anglishtja: Jeton Kelmendi<\/strong><\/p>\n<p>Dizajni i brendshem: Bogdani Design<br \/>\nBallina: IWA Bogdani<\/p>\n<p style=\"font-weight: 400;\">Copyright <strong>\u00a9 &#8211; IWA Bogdani<\/strong><br \/>\n<strong><br \/>\nISBN 978-9951-394-63-5<\/strong><\/p>","protected":false},"excerpt":{"rendered":"<p style=\"font-weight: 400;\"><strong>Katalogimi n\u00eb botim \u2013 (CIP)<\/strong><\/p>\n<p style=\"font-weight: 400;\"><strong>Biblioteka Komb\u00ebtare e Kosov\u00ebs \u201cPjet\u00ebr Bogdani\u201d<\/strong><\/p>\n<table style=\"font-weight: 400;\">\n<tbody>\n<tr>\n<td width=\"356\">821.14 &#8217;06 -1<\/p>\n<p>Kraniotis, \u00a0Dimitris P.<\/p>\n<p>Duke d\u00ebgjuar t\u00eb nj\u00ebjtin tingull: poezi \/ Dimitris P. Kraniotis ; p\u00ebrktheu nga anglishtja Jeton Kelmendi. &#8211; Prishtin\u00eb : IWA Bogdani, 2026. &#8211; 65 f. ; 20 cm. &#8211; (Biblioteka \u201cAdem Shkreli\u201d)<\/p>\n<p>1<strong>. <\/strong>Kelmendi, Jeton<\/p>\n<p><strong>\u00a0<\/strong><strong>ISBN\u00a0 978-9951-394-63-5<\/strong><\/td>\n<\/tr>\n<\/tbody>\n<\/table>","protected":false},"featured_media":5703,"comment_status":"closed","ping_status":"closed","template":"","meta":{"_exactmetrics_skip_tracking":false,"_exactmetrics_sitenote_active":false,"_exactmetrics_sitenote_note":"","_exactmetrics_sitenote_category":0},"product_cat":[82],"product_tag":[257],"book_author":[336,226],"book_publisher":[186],"acf":[],"_links":{"self":[{"href":"https:\/\/www.iwabogdani.org\/sq\/wp-json\/wp\/v2\/product\/5699"}],"collection":[{"href":"https:\/\/www.iwabogdani.org\/sq\/wp-json\/wp\/v2\/product"}],"about":[{"href":"https:\/\/www.iwabogdani.org\/sq\/wp-json\/wp\/v2\/types\/product"}],"replies":[{"embeddable":true,"href":"https:\/\/www.iwabogdani.org\/sq\/wp-json\/wp\/v2\/comments?post=5699"}],"version-history":[{"count":2,"href":"https:\/\/www.iwabogdani.org\/sq\/wp-json\/wp\/v2\/product\/5699\/revisions"}],"predecessor-version":[{"id":5704,"href":"https:\/\/www.iwabogdani.org\/sq\/wp-json\/wp\/v2\/product\/5699\/revisions\/5704"}],"wp:featuredmedia":[{"embeddable":true,"href":"https:\/\/www.iwabogdani.org\/sq\/wp-json\/wp\/v2\/media\/5703"}],"wp:attachment":[{"href":"https:\/\/www.iwabogdani.org\/sq\/wp-json\/wp\/v2\/media?parent=5699"}],"wp:term":[{"taxonomy":"product_cat","embeddable":true,"href":"https:\/\/www.iwabogdani.org\/sq\/wp-json\/wp\/v2\/product_cat?post=5699"},{"taxonomy":"product_tag","embeddable":true,"href":"https:\/\/www.iwabogdani.org\/sq\/wp-json\/wp\/v2\/product_tag?post=5699"},{"taxonomy":"book_author","embeddable":true,"href":"https:\/\/www.iwabogdani.org\/sq\/wp-json\/wp\/v2\/book_author?post=5699"},{"taxonomy":"book_publisher","embeddable":true,"href":"https:\/\/www.iwabogdani.org\/sq\/wp-json\/wp\/v2\/book_publisher?post=5699"}],"curies":[{"name":"wp","href":"https:\/\/api.w.org\/{rel}","templated":true}]}}