{"id":5744,"date":"2026-03-15T16:45:08","date_gmt":"2026-03-15T16:45:08","guid":{"rendered":"https:\/\/www.iwabogdani.org\/?post_type=product&#038;p=5744"},"modified":"2026-03-15T16:45:09","modified_gmt":"2026-03-15T16:45:09","slug":"ornella-mamone-capria-between-the-lands-and-the-horizons-ndermjet-tokave-dhe-horizonteve","status":"publish","type":"product","link":"https:\/\/www.iwabogdani.org\/sq\/produkt\/ornella-mamone-capria-between-the-lands-and-the-horizons-ndermjet-tokave-dhe-horizonteve\/","title":{"rendered":"ORNELLA MAMONE CAPRIA &#8211; BETWEEN THE LANDS AND THE HORIZONS   &#8211; ND\u00cbRMJET TOKAVE DHE HORIZONTEVE-"},"content":{"rendered":"<p style=\"font-weight: 400;\"><strong>Biblioteka<\/strong><\/p>\n<p style=\"font-weight: 400;\"><strong>Edition IWA BOGDANI<\/strong><\/p>\n<p style=\"font-weight: 400;\"><a href=\"https:\/\/www.iwabogdani.org\/sq\/\"><strong>www.iwabogdani.org<\/strong><\/a><\/p>\n<p style=\"font-weight: 400;\"><a href=\"mailto:iwabogdani@gmail.com\"><strong>iwabogdani@gmail.com<\/strong><\/a><strong><br \/>\n<\/strong>IWA Bogdani, Brussels \u2013 Prishtin\u00eb<br \/>\n0032494464251<\/p>\n<p style=\"font-weight: 400;\">Autor: <strong>Ornella Mamone Capria<\/strong><\/p>\n<p style=\"font-weight: 400;\">Titulli n\u00eb Serbisht <strong>\u201cBetween the lands and the horizons<\/strong> &#8211;<em>Nd\u00ebrmjet tokave dhe horizonteve<\/em>&#8211;<strong>\u201d\u00a0 <\/strong><\/p>\n<p style=\"font-weight: 400;\">P\u00ebrktheu n\u00eb Shqip: Anila Dahriu<\/p>\n<p style=\"font-weight: 400;\">Translated in English by Jeton Kelmendi<\/p>\n<p style=\"font-weight: 400;\">Redaktor i botimit:<strong><br \/>\nXhemil Byty\u00e7i<br \/>\n<\/strong>Dizajni i brendshem: Bogdani Design<br \/>\nBallina: IWA Bogdani<\/p>\n<p style=\"font-weight: 400;\">Copyright <strong>\u00a9 IWA Bogdani<\/strong><br \/>\nISBN <strong>978-9951-394-69-7<\/strong><\/p>","protected":false},"excerpt":{"rendered":"<p style=\"font-weight: 400;\"><strong>Katalogimi n\u00eb botim \u2013 (CIP)<\/strong><\/p>\n<p style=\"font-weight: 400;\"><strong>Biblioteka Komb\u00ebtare e Kosov\u00ebs \u201cPjet\u00ebr Bogdani\u201d<\/strong><\/p>\n<table style=\"font-weight: 400;\">\n<tbody>\n<tr>\n<td width=\"340\">\u00a0 821.131.1-1<\/p>\n<p>&nbsp;<\/p>\n<p>Capria, Ornella Mamone<\/p>\n<p>Between the Lands and the Horizons : Poetry = -nd\u00ebrmjet tokave dhe horizonteve : poezi \/ Ornella Mamone Capria ; p\u00ebrktheu n\u00eb shqip Anila Dahriu. &#8211; Prishtin\u00eb : IWA Bogdani, 2026. &#8211; 108 f. ; 21 cm. &#8211; (Biblioteka : \u201cAdem Shkreli\u201d)<\/p>\n<p>&nbsp;<\/p>\n<p>1. Dahriu, Anila<\/p>\n<p><strong>\u00a0<\/strong><\/p>\n<p><strong>ISBN 978-9951-394-69-7<\/strong><\/td>\n<\/tr>\n<\/tbody>\n<\/table>\n<p style=\"font-weight: 400;\">","protected":false},"featured_media":5746,"comment_status":"closed","ping_status":"closed","template":"","meta":{"_exactmetrics_skip_tracking":false,"_exactmetrics_sitenote_active":false,"_exactmetrics_sitenote_note":"","_exactmetrics_sitenote_category":0},"product_cat":[82],"product_tag":[345,58,257],"book_author":[185,226,346],"book_publisher":[186],"acf":[],"_links":{"self":[{"href":"https:\/\/www.iwabogdani.org\/sq\/wp-json\/wp\/v2\/product\/5744"}],"collection":[{"href":"https:\/\/www.iwabogdani.org\/sq\/wp-json\/wp\/v2\/product"}],"about":[{"href":"https:\/\/www.iwabogdani.org\/sq\/wp-json\/wp\/v2\/types\/product"}],"replies":[{"embeddable":true,"href":"https:\/\/www.iwabogdani.org\/sq\/wp-json\/wp\/v2\/comments?post=5744"}],"version-history":[{"count":1,"href":"https:\/\/www.iwabogdani.org\/sq\/wp-json\/wp\/v2\/product\/5744\/revisions"}],"predecessor-version":[{"id":5747,"href":"https:\/\/www.iwabogdani.org\/sq\/wp-json\/wp\/v2\/product\/5744\/revisions\/5747"}],"wp:featuredmedia":[{"embeddable":true,"href":"https:\/\/www.iwabogdani.org\/sq\/wp-json\/wp\/v2\/media\/5746"}],"wp:attachment":[{"href":"https:\/\/www.iwabogdani.org\/sq\/wp-json\/wp\/v2\/media?parent=5744"}],"wp:term":[{"taxonomy":"product_cat","embeddable":true,"href":"https:\/\/www.iwabogdani.org\/sq\/wp-json\/wp\/v2\/product_cat?post=5744"},{"taxonomy":"product_tag","embeddable":true,"href":"https:\/\/www.iwabogdani.org\/sq\/wp-json\/wp\/v2\/product_tag?post=5744"},{"taxonomy":"book_author","embeddable":true,"href":"https:\/\/www.iwabogdani.org\/sq\/wp-json\/wp\/v2\/book_author?post=5744"},{"taxonomy":"book_publisher","embeddable":true,"href":"https:\/\/www.iwabogdani.org\/sq\/wp-json\/wp\/v2\/book_publisher?post=5744"}],"curies":[{"name":"wp","href":"https:\/\/api.w.org\/{rel}","templated":true}]}}